{"id":6762,"date":"2023-06-01T18:52:05","date_gmt":"2023-06-01T16:52:05","guid":{"rendered":"https:\/\/www.soome.be\/?post_type=product&#038;p=6762"},"modified":"2026-04-22T15:14:45","modified_gmt":"2026-04-22T13:14:45","slug":"frou-frou-embody-bra","status":"publish","type":"product","link":"https:\/\/www.soome.be\/en\/produits\/soutiens-gorge\/soutiens-gorge-post-operatoires-femme\/soutien-gorge-frou-frou-embody\/","title":{"rendered":"Frou-frou Embody bra"},"content":{"rendered":"<p><strong>DESCRIPTION:\u00a0<\/strong><\/p>\n<p>Un brin rococo, le soutien-gorge Frou-Frou EMBODY joue la simplicit\u00e9 tout en confort et en maintien.<\/p>\n<p>L&rsquo;ouverture devant par \u00ab easy clip \u00bb permet un enfilage facile, sans douleur.<\/p>\n<p>Le jeu de frou-frou vient se poser d\u00e9licatement le long de l&rsquo;ouverture \u00ab easy clip \u00bb qui s&rsquo;efface discr\u00e8tement.<\/p>\n<p>Les assemblages sont coll\u00e9s pour \u00e9viter les frottements et irritations li\u00e9s aux coutures cousues.<\/p>\n<p>Un contenseur vient d&rsquo;accrocher facilement de chaque c\u00f4t\u00e9 pour un maintien suppl\u00e9mentaire et efficace des implants.<\/p>\n<p><strong>CHARACTERISTICS :<\/strong><\/p>\n<p>Patented model &amp; technology. Medical device class 1 \u2013 CE<\/p>\n<p>- Easy clip closure at front<\/p>\n<p>- Thermobonded finishes<\/p>\n<p>- Smooth appearance (fine grain) avoids scarring and promotes healing<\/p>\n<p>- Detachable and adjustable straps<\/p>\n<p>- Soft, breathable chest band<\/p>\n<p>\u2013 Free internal prosthesis pocket available on request<\/p>\n<p><strong>FABRIC :<\/strong><\/p>\n<p>\u2013 Lightweight, breathable warp &amp; weft fabric<\/p>\n<p>\u2013 Lace from Calais<\/p>\n<p>&#8211; Rucher mousseline<\/p>\n<p><strong>MAINTENANCE :<\/strong><\/p>\n<p>Cleaning 30\u00b0C water + soap<\/p>\n<p>no dryer<\/p>\n<p><strong>COLOR :<\/strong> black<\/p>\n<p><strong>SIZE GUIDE:<\/strong><\/p>\n<p><img fetchpriority=\"high\" decoding=\"async\" class=\"alignnone wp-image-41306\" src=\"https:\/\/www.abricot-compression.com\/wp-content\/uploads\/2022\/11\/guide-des-tailles-embody-1024x778.png\" alt=\"\" width=\"1000\" height=\"760\" \/><\/p>","protected":false},"excerpt":{"rendered":"<p><em>immediate post-operative<\/em><\/p>\n<p><em>Patented model &amp; technology. Medical device class 1 \u2013 CE<\/em><\/p>\n<p>The frou-frou compression bra is ideal after breast augmentation type surgery (fat transfer or implants), breast reduction, reconstruction or lifting.<\/p>","protected":false},"featured_media":6764,"comment_status":"open","ping_status":"closed","template":"","meta":[],"product_brand":[],"product_cat":[69],"product_tag":[],"berocket_brand":[436],"class_list":{"0":"post-6762","1":"product","2":"type-product","3":"status-publish","4":"has-post-thumbnail","6":"product_cat-soutiens-gorge-post-operatoires-femme","7":"pa_bonnets-e-2","8":"pa_eg_html5_ratio-0-4","9":"pa_eg_soundcloud_ratio-0-5","10":"pa_eg_wistia_ratio-0-3","11":"pa_eg_youtube_ratio-0-2","12":"pa_fb_product_group_id-166","13":"pa_fb_visibility-117","14":"pa_product_brand-embody-2","15":"pa_tailles-95-3","16":"pa_thp_upsellpopup_template-template-default","17":"pa_xfgmc_adult-off-2","18":"pa_xfgmc_condition-default","19":"pa_xfgmc_identifier_exists-off","20":"berocket_brand-embody","22":"first","23":"instock","24":"taxable","25":"shipping-taxable","26":"purchasable","27":"product-type-variable"},"yoast_head":"<!-- This site is optimized with the Yoast SEO plugin v27.4 - https:\/\/yoast.com\/product\/yoast-seo-wordpress\/ -->\n<title>Soutien-gorge frou-frou post-operatoire EMBODY<\/title>\n<meta name=\"description\" content=\"Le soutien-gorge compressif frou-frou est utilis\u00e9 suite \u00e0 une reconstruction, augmentation, r\u00e9duction ou lifting des seins suite \u00e0 votre op\u00e9ration.\" \/>\n<meta name=\"robots\" content=\"index, follow, max-snippet:-1, max-image-preview:large, max-video-preview:-1\" \/>\n<link rel=\"canonical\" href=\"https:\/\/www.soome.be\/en\/products\/bras\/womens-post-op-bras\/frou-frou-embody-bra\/\" \/>\n<meta property=\"og:locale\" content=\"en_GB\" \/>\n<meta property=\"og:type\" content=\"article\" \/>\n<meta property=\"og:title\" content=\"Soutien-gorge frou-frou post-operatoire EMBODY\" \/>\n<meta property=\"og:description\" content=\"Le soutien-gorge compressif frou-frou est utilis\u00e9 suite \u00e0 une reconstruction, augmentation, r\u00e9duction ou lifting des seins suite \u00e0 votre op\u00e9ration.\" \/>\n<meta property=\"og:url\" content=\"https:\/\/www.soome.be\/en\/products\/bras\/womens-post-op-bras\/frou-frou-embody-bra\/\" \/>\n<meta property=\"og:site_name\" content=\"SooMe\" \/>\n<meta property=\"article:modified_time\" content=\"2026-04-22T13:14:45+00:00\" \/>\n<meta property=\"og:image\" content=\"https:\/\/www.soome.be\/wp-content\/uploads\/2023\/06\/products-soutien-gorge-froufrou-noir.png\" \/>\n\t<meta property=\"og:image:width\" content=\"950\" \/>\n\t<meta property=\"og:image:height\" content=\"1424\" \/>\n\t<meta property=\"og:image:type\" content=\"image\/jpeg\" \/>\n<meta name=\"twitter:card\" content=\"summary_large_image\" \/>\n<meta name=\"twitter:label1\" content=\"Estimated reading time\" \/>\n\t<meta name=\"twitter:data1\" content=\"1 minute\" \/>\n<script type=\"application\/ld+json\" class=\"yoast-schema-graph\">{\"@context\":\"https:\\\/\\\/schema.org\",\"@graph\":[{\"@type\":\"WebPage\",\"@id\":\"https:\\\/\\\/www.soome.be\\\/produits\\\/soutiens-gorge\\\/soutiens-gorge-post-operatoires-femme\\\/soutien-gorge-frou-frou-embody\\\/\",\"url\":\"https:\\\/\\\/www.soome.be\\\/produits\\\/soutiens-gorge\\\/soutiens-gorge-post-operatoires-femme\\\/soutien-gorge-frou-frou-embody\\\/\",\"name\":\"Soutien-gorge frou-frou post-operatoire EMBODY\",\"isPartOf\":{\"@id\":\"https:\\\/\\\/www.soome.be\\\/#website\"},\"primaryImageOfPage\":{\"@id\":\"https:\\\/\\\/www.soome.be\\\/produits\\\/soutiens-gorge\\\/soutiens-gorge-post-operatoires-femme\\\/soutien-gorge-frou-frou-embody\\\/#primaryimage\"},\"image\":{\"@id\":\"https:\\\/\\\/www.soome.be\\\/produits\\\/soutiens-gorge\\\/soutiens-gorge-post-operatoires-femme\\\/soutien-gorge-frou-frou-embody\\\/#primaryimage\"},\"thumbnailUrl\":\"https:\\\/\\\/www.soome.be\\\/wp-content\\\/uploads\\\/2023\\\/06\\\/products-soutien-gorge-froufrou-noir.png\",\"datePublished\":\"2023-06-01T16:52:05+00:00\",\"dateModified\":\"2026-04-22T13:14:45+00:00\",\"description\":\"Le soutien-gorge compressif frou-frou est utilis\u00e9 suite \u00e0 une reconstruction, augmentation, r\u00e9duction ou lifting des seins suite \u00e0 votre op\u00e9ration.\",\"breadcrumb\":{\"@id\":\"https:\\\/\\\/www.soome.be\\\/produits\\\/soutiens-gorge\\\/soutiens-gorge-post-operatoires-femme\\\/soutien-gorge-frou-frou-embody\\\/#breadcrumb\"},\"inLanguage\":\"en-GB\",\"potentialAction\":[{\"@type\":\"ReadAction\",\"target\":[\"https:\\\/\\\/www.soome.be\\\/produits\\\/soutiens-gorge\\\/soutiens-gorge-post-operatoires-femme\\\/soutien-gorge-frou-frou-embody\\\/\"]}]},{\"@type\":\"ImageObject\",\"inLanguage\":\"en-GB\",\"@id\":\"https:\\\/\\\/www.soome.be\\\/produits\\\/soutiens-gorge\\\/soutiens-gorge-post-operatoires-femme\\\/soutien-gorge-frou-frou-embody\\\/#primaryimage\",\"url\":\"https:\\\/\\\/www.soome.be\\\/wp-content\\\/uploads\\\/2023\\\/06\\\/products-soutien-gorge-froufrou-noir.png\",\"contentUrl\":\"https:\\\/\\\/www.soome.be\\\/wp-content\\\/uploads\\\/2023\\\/06\\\/products-soutien-gorge-froufrou-noir.png\",\"width\":950,\"height\":1424,\"caption\":\"Soutien-gorge frou-frou Embody EMBODY\"},{\"@type\":\"BreadcrumbList\",\"@id\":\"https:\\\/\\\/www.soome.be\\\/produits\\\/soutiens-gorge\\\/soutiens-gorge-post-operatoires-femme\\\/soutien-gorge-frou-frou-embody\\\/#breadcrumb\",\"itemListElement\":[{\"@type\":\"ListItem\",\"position\":1,\"name\":\"Accueil\",\"item\":\"https:\\\/\\\/www.soome.be\\\/\"},{\"@type\":\"ListItem\",\"position\":2,\"name\":\"PRODUITS\",\"item\":\"https:\\\/\\\/www.soome.be\\\/produits\\\/\"},{\"@type\":\"ListItem\",\"position\":3,\"name\":\"Soutien-gorge frou-frou Embody\"}]},{\"@type\":\"WebSite\",\"@id\":\"https:\\\/\\\/www.soome.be\\\/#website\",\"url\":\"https:\\\/\\\/www.soome.be\\\/\",\"name\":\"SooMe\",\"description\":\"\",\"potentialAction\":[{\"@type\":\"SearchAction\",\"target\":{\"@type\":\"EntryPoint\",\"urlTemplate\":\"https:\\\/\\\/www.soome.be\\\/?s={search_term_string}\"},\"query-input\":{\"@type\":\"PropertyValueSpecification\",\"valueRequired\":true,\"valueName\":\"search_term_string\"}}],\"inLanguage\":\"en-GB\"}]}<\/script>\n<!-- \/ Yoast SEO plugin. -->","yoast_head_json":{"title":"EMBODY post-operative frilly bra","description":"The frou-frou compression bra is used after breast reconstruction, augmentation, reduction or lifting following your operation.","robots":{"index":"index","follow":"follow","max-snippet":"max-snippet:-1","max-image-preview":"max-image-preview:large","max-video-preview":"max-video-preview:-1"},"canonical":"https:\/\/www.soome.be\/en\/products\/bras\/womens-post-op-bras\/frou-frou-embody-bra\/","og_locale":"en_GB","og_type":"article","og_title":"Soutien-gorge frou-frou post-operatoire EMBODY","og_description":"Le soutien-gorge compressif frou-frou est utilis\u00e9 suite \u00e0 une reconstruction, augmentation, r\u00e9duction ou lifting des seins suite \u00e0 votre op\u00e9ration.","og_url":"https:\/\/www.soome.be\/en\/products\/bras\/womens-post-op-bras\/frou-frou-embody-bra\/","og_site_name":"SooMe","article_modified_time":"2026-04-22T13:14:45+00:00","og_image":[{"width":950,"height":1424,"url":"https:\/\/www.soome.be\/wp-content\/uploads\/2023\/06\/products-soutien-gorge-froufrou-noir.png","type":"image\/jpeg"}],"twitter_card":"summary_large_image","twitter_misc":{"Estimated reading time":"1 minute"},"schema":{"@context":"https:\/\/schema.org","@graph":[{"@type":"WebPage","@id":"https:\/\/www.soome.be\/produits\/soutiens-gorge\/soutiens-gorge-post-operatoires-femme\/soutien-gorge-frou-frou-embody\/","url":"https:\/\/www.soome.be\/produits\/soutiens-gorge\/soutiens-gorge-post-operatoires-femme\/soutien-gorge-frou-frou-embody\/","name":"EMBODY post-operative frilly bra","isPartOf":{"@id":"https:\/\/www.soome.be\/#website"},"primaryImageOfPage":{"@id":"https:\/\/www.soome.be\/produits\/soutiens-gorge\/soutiens-gorge-post-operatoires-femme\/soutien-gorge-frou-frou-embody\/#primaryimage"},"image":{"@id":"https:\/\/www.soome.be\/produits\/soutiens-gorge\/soutiens-gorge-post-operatoires-femme\/soutien-gorge-frou-frou-embody\/#primaryimage"},"thumbnailUrl":"https:\/\/www.soome.be\/wp-content\/uploads\/2023\/06\/products-soutien-gorge-froufrou-noir.png","datePublished":"2023-06-01T16:52:05+00:00","dateModified":"2026-04-22T13:14:45+00:00","description":"The frou-frou compression bra is used after breast reconstruction, augmentation, reduction or lifting following your operation.","breadcrumb":{"@id":"https:\/\/www.soome.be\/produits\/soutiens-gorge\/soutiens-gorge-post-operatoires-femme\/soutien-gorge-frou-frou-embody\/#breadcrumb"},"inLanguage":"en-GB","potentialAction":[{"@type":"ReadAction","target":["https:\/\/www.soome.be\/produits\/soutiens-gorge\/soutiens-gorge-post-operatoires-femme\/soutien-gorge-frou-frou-embody\/"]}]},{"@type":"ImageObject","inLanguage":"en-GB","@id":"https:\/\/www.soome.be\/produits\/soutiens-gorge\/soutiens-gorge-post-operatoires-femme\/soutien-gorge-frou-frou-embody\/#primaryimage","url":"https:\/\/www.soome.be\/wp-content\/uploads\/2023\/06\/products-soutien-gorge-froufrou-noir.png","contentUrl":"https:\/\/www.soome.be\/wp-content\/uploads\/2023\/06\/products-soutien-gorge-froufrou-noir.png","width":950,"height":1424,"caption":"Soutien-gorge frou-frou Embody EMBODY"},{"@type":"BreadcrumbList","@id":"https:\/\/www.soome.be\/produits\/soutiens-gorge\/soutiens-gorge-post-operatoires-femme\/soutien-gorge-frou-frou-embody\/#breadcrumb","itemListElement":[{"@type":"ListItem","position":1,"name":"Accueil","item":"https:\/\/www.soome.be\/"},{"@type":"ListItem","position":2,"name":"PRODUITS","item":"https:\/\/www.soome.be\/produits\/"},{"@type":"ListItem","position":3,"name":"Soutien-gorge frou-frou Embody"}]},{"@type":"WebSite","@id":"https:\/\/www.soome.be\/#website","url":"https:\/\/www.soome.be\/","name":"SooMe","description":"","potentialAction":[{"@type":"SearchAction","target":{"@type":"EntryPoint","urlTemplate":"https:\/\/www.soome.be\/?s={search_term_string}"},"query-input":{"@type":"PropertyValueSpecification","valueRequired":true,"valueName":"search_term_string"}}],"inLanguage":"en-GB"}]}},"_links":{"self":[{"href":"https:\/\/www.soome.be\/en\/wp-json\/wp\/v2\/product\/6762","targetHints":{"allow":["GET"]}}],"collection":[{"href":"https:\/\/www.soome.be\/en\/wp-json\/wp\/v2\/product"}],"about":[{"href":"https:\/\/www.soome.be\/en\/wp-json\/wp\/v2\/types\/product"}],"replies":[{"embeddable":true,"href":"https:\/\/www.soome.be\/en\/wp-json\/wp\/v2\/comments?post=6762"}],"wp:featuredmedia":[{"embeddable":true,"href":"https:\/\/www.soome.be\/en\/wp-json\/wp\/v2\/media\/6764"}],"wp:attachment":[{"href":"https:\/\/www.soome.be\/en\/wp-json\/wp\/v2\/media?parent=6762"}],"wp:term":[{"taxonomy":"product_brand","embeddable":true,"href":"https:\/\/www.soome.be\/en\/wp-json\/wp\/v2\/product_brand?post=6762"},{"taxonomy":"product_cat","embeddable":true,"href":"https:\/\/www.soome.be\/en\/wp-json\/wp\/v2\/product_cat?post=6762"},{"taxonomy":"product_tag","embeddable":true,"href":"https:\/\/www.soome.be\/en\/wp-json\/wp\/v2\/product_tag?post=6762"},{"taxonomy":"berocket_brand","embeddable":true,"href":"https:\/\/www.soome.be\/en\/wp-json\/wp\/v2\/berocket_brand?post=6762"}],"curies":[{"name":"wp","href":"https:\/\/api.w.org\/{rel}","templated":true}]}}