{"id":6766,"date":"2023-06-01T18:52:32","date_gmt":"2023-06-01T16:52:32","guid":{"rendered":"https:\/\/www.soome.be\/?post_type=product&#038;p=6766"},"modified":"2026-04-22T15:14:50","modified_gmt":"2026-04-22T13:14:50","slug":"short-panty","status":"publish","type":"product","link":"https:\/\/www.soome.be\/en\/produits\/lipo-panty-de-contention\/lipo-panty-contention-standard\/panty-court\/","title":{"rendered":"Panty short stockings"},"content":{"rendered":"<p><strong>DESCRIPTION:\u00a0<\/strong><\/p>\n<p>Le tissu high-tech du panty court Embody, sp\u00e9cialement d\u00e9velopp\u00e9 par notre \u00e9quipe technique, offre une grande libert\u00e9 de mouvement !<\/p>\n<p>Gr\u00e2ce \u00e0 son \u00e9lasticit\u00e9 multidimensionnelle, il s\u2019adapte aux courbes du corps et suit son \u00e9volution apr\u00e8s op\u00e9ration.<\/p>\n<p>La r\u00e9volution est d\u2019apporter une compression efficace avec un tissu fin, l\u00e9ger et respirant.<\/p>\n<p>L\u2019empi\u00e8cement en dentelle stretch permet d\u2019\u00e9viter l\u2019apparition d\u2019ecchymose et d\u2019\u00e9viter l\u2019effet garrot.<\/p>\n<p>Le post-op\u00e9ratoire devient confortable ! Une version mi-longue et longue sont \u00e9galement disponibles.<\/p>\n<p><strong>CHARACTERISTICS :<\/strong><\/p>\n<p>Patented model &amp; technology. Medical device class 1 \u2013 CE<\/p>\n<p>\u2013 Easy clip adjustable front closure with foam reinforcement<\/p>\n<p>- Thermobonded finishes<\/p>\n<p>- Smooth appearance (fine grain) avoids scarring and promotes healing<\/p>\n<p>- Stretch lace panel covering the knee<\/p>\n<p><strong>FABRIC :<\/strong><\/p>\n<p>\u2013 Lightweight, breathable warp &amp; weft fabric<\/p>\n<p>\u2013 Lace from Calais<\/p>\n<p><strong>MAINTENANCE :<\/strong><\/p>\n<p>Cleaning 30\u00b0C water + soap<\/p>\n<p>no dryer<\/p>\n<p><strong>COLOR :<\/strong> black<\/p>\n<p><strong>SIZE GUIDE:<\/p>\n<p><img fetchpriority=\"high\" decoding=\"async\" class=\"alignnone wp-image-41724\" src=\"https:\/\/www.abricot-compression.com\/wp-content\/uploads\/2022\/11\/guide-tailles-panty-embody-1024x748.png\" alt=\"\" width=\"900\" height=\"657\" \/><\/p>\n<p><\/strong><\/p>","protected":false},"excerpt":{"rendered":"<p>immediate post-operative<\/p>\n<p>It is indicated after liposuction of the hips, pelvis and thighs.<\/p>\n<p><strong>The short panty must be worn 24\/7.\u00a0<\/strong><\/p>\n<p>Color : Black<\/p>","protected":false},"featured_media":6794,"comment_status":"open","ping_status":"closed","template":"","meta":[],"product_brand":[],"product_cat":[73],"product_tag":[],"berocket_brand":[436],"class_list":{"0":"post-6766","1":"product","2":"type-product","3":"status-publish","4":"has-post-thumbnail","6":"product_cat-lipo-panty-contention-standard","7":"pa_eg_html5_ratio-0-4","8":"pa_eg_soundcloud_ratio-0-5","9":"pa_eg_wistia_ratio-0-3","10":"pa_eg_youtube_ratio-0-2","11":"pa_fb_product_group_id-166","12":"pa_fb_visibility-117","13":"pa_option-ferme-a-l-entrejambe","14":"pa_product_brand-embody-2","15":"pa_tailles-40-2","16":"pa_thp_upsellpopup_template-template-default","17":"pa_xfgmc_adult-off-2","18":"pa_xfgmc_condition-default","19":"pa_xfgmc_identifier_exists-off","20":"berocket_brand-embody","22":"first","23":"instock","24":"taxable","25":"shipping-taxable","26":"purchasable","27":"product-type-variable"},"yoast_head":"<!-- This site is optimized with the Yoast SEO plugin v27.4 - https:\/\/yoast.com\/product\/yoast-seo-wordpress\/ -->\n<title>Panty court post-op\u00e9ratoire EMBODY<\/title>\n<meta name=\"description\" content=\"Le panty court Embody offre une grande libert\u00e9 de mouvement ! Il est indiqu\u00e9 apr\u00e8s une Liposuccion des hanches, bassin et cuisses.\" \/>\n<meta name=\"robots\" content=\"index, follow, max-snippet:-1, max-image-preview:large, max-video-preview:-1\" \/>\n<link rel=\"canonical\" href=\"https:\/\/www.soome.be\/en\/products\/lipofilling-compression-lipo-panty-2\/standard-compression-lipo-panty\/short-panty\/\" \/>\n<meta property=\"og:locale\" content=\"en_GB\" \/>\n<meta property=\"og:type\" content=\"article\" \/>\n<meta property=\"og:title\" content=\"Panty court post-op\u00e9ratoire EMBODY\" \/>\n<meta property=\"og:description\" content=\"Le panty court Embody offre une grande libert\u00e9 de mouvement ! Il est indiqu\u00e9 apr\u00e8s une Liposuccion des hanches, bassin et cuisses.\" \/>\n<meta property=\"og:url\" content=\"https:\/\/www.soome.be\/en\/products\/lipofilling-compression-lipo-panty-2\/standard-compression-lipo-panty\/short-panty\/\" \/>\n<meta property=\"og:site_name\" content=\"SooMe\" \/>\n<meta property=\"article:modified_time\" content=\"2026-04-22T13:14:50+00:00\" \/>\n<meta property=\"og:image\" content=\"https:\/\/www.soome.be\/wp-content\/uploads\/2023\/06\/products-panty-court-2.jpg\" \/>\n\t<meta property=\"og:image:width\" content=\"950\" \/>\n\t<meta property=\"og:image:height\" content=\"1424\" \/>\n\t<meta property=\"og:image:type\" content=\"image\/jpeg\" \/>\n<meta name=\"twitter:card\" content=\"summary_large_image\" \/>\n<meta name=\"twitter:label1\" content=\"Estimated reading time\" \/>\n\t<meta name=\"twitter:data1\" content=\"1 minute\" \/>\n<script type=\"application\/ld+json\" class=\"yoast-schema-graph\">{\"@context\":\"https:\\\/\\\/schema.org\",\"@graph\":[{\"@type\":\"WebPage\",\"@id\":\"https:\\\/\\\/www.soome.be\\\/produits\\\/lipo-panty-de-contention\\\/lipo-panty-contention-standard\\\/panty-court\\\/\",\"url\":\"https:\\\/\\\/www.soome.be\\\/produits\\\/lipo-panty-de-contention\\\/lipo-panty-contention-standard\\\/panty-court\\\/\",\"name\":\"Panty court post-op\u00e9ratoire EMBODY\",\"isPartOf\":{\"@id\":\"https:\\\/\\\/www.soome.be\\\/#website\"},\"primaryImageOfPage\":{\"@id\":\"https:\\\/\\\/www.soome.be\\\/produits\\\/lipo-panty-de-contention\\\/lipo-panty-contention-standard\\\/panty-court\\\/#primaryimage\"},\"image\":{\"@id\":\"https:\\\/\\\/www.soome.be\\\/produits\\\/lipo-panty-de-contention\\\/lipo-panty-contention-standard\\\/panty-court\\\/#primaryimage\"},\"thumbnailUrl\":\"https:\\\/\\\/www.soome.be\\\/wp-content\\\/uploads\\\/2023\\\/06\\\/products-panty-court-2.jpg\",\"datePublished\":\"2023-06-01T16:52:32+00:00\",\"dateModified\":\"2026-04-22T13:14:50+00:00\",\"description\":\"Le panty court Embody offre une grande libert\u00e9 de mouvement ! Il est indiqu\u00e9 apr\u00e8s une Liposuccion des hanches, bassin et cuisses.\",\"breadcrumb\":{\"@id\":\"https:\\\/\\\/www.soome.be\\\/produits\\\/lipo-panty-de-contention\\\/lipo-panty-contention-standard\\\/panty-court\\\/#breadcrumb\"},\"inLanguage\":\"en-GB\",\"potentialAction\":[{\"@type\":\"ReadAction\",\"target\":[\"https:\\\/\\\/www.soome.be\\\/produits\\\/lipo-panty-de-contention\\\/lipo-panty-contention-standard\\\/panty-court\\\/\"]}]},{\"@type\":\"ImageObject\",\"inLanguage\":\"en-GB\",\"@id\":\"https:\\\/\\\/www.soome.be\\\/produits\\\/lipo-panty-de-contention\\\/lipo-panty-contention-standard\\\/panty-court\\\/#primaryimage\",\"url\":\"https:\\\/\\\/www.soome.be\\\/wp-content\\\/uploads\\\/2023\\\/06\\\/products-panty-court-2.jpg\",\"contentUrl\":\"https:\\\/\\\/www.soome.be\\\/wp-content\\\/uploads\\\/2023\\\/06\\\/products-panty-court-2.jpg\",\"width\":950,\"height\":1424,\"caption\":\"PANTY COURT Embody\"},{\"@type\":\"BreadcrumbList\",\"@id\":\"https:\\\/\\\/www.soome.be\\\/produits\\\/lipo-panty-de-contention\\\/lipo-panty-contention-standard\\\/panty-court\\\/#breadcrumb\",\"itemListElement\":[{\"@type\":\"ListItem\",\"position\":1,\"name\":\"Accueil\",\"item\":\"https:\\\/\\\/www.soome.be\\\/\"},{\"@type\":\"ListItem\",\"position\":2,\"name\":\"PRODUITS\",\"item\":\"https:\\\/\\\/www.soome.be\\\/produits\\\/\"},{\"@type\":\"ListItem\",\"position\":3,\"name\":\"Panty court\"}]},{\"@type\":\"WebSite\",\"@id\":\"https:\\\/\\\/www.soome.be\\\/#website\",\"url\":\"https:\\\/\\\/www.soome.be\\\/\",\"name\":\"SooMe\",\"description\":\"\",\"potentialAction\":[{\"@type\":\"SearchAction\",\"target\":{\"@type\":\"EntryPoint\",\"urlTemplate\":\"https:\\\/\\\/www.soome.be\\\/?s={search_term_string}\"},\"query-input\":{\"@type\":\"PropertyValueSpecification\",\"valueRequired\":true,\"valueName\":\"search_term_string\"}}],\"inLanguage\":\"en-GB\"}]}<\/script>\n<!-- \/ Yoast SEO plugin. -->","yoast_head_json":{"title":"EMBODY post-operative short panty","description":"The Embody short panty offers great freedom of movement! They are ideal after liposuction of the hips, pelvis and thighs.","robots":{"index":"index","follow":"follow","max-snippet":"max-snippet:-1","max-image-preview":"max-image-preview:large","max-video-preview":"max-video-preview:-1"},"canonical":"https:\/\/www.soome.be\/en\/products\/lipofilling-compression-lipo-panty-2\/standard-compression-lipo-panty\/short-panty\/","og_locale":"en_GB","og_type":"article","og_title":"Panty court post-op\u00e9ratoire EMBODY","og_description":"Le panty court Embody offre une grande libert\u00e9 de mouvement ! Il est indiqu\u00e9 apr\u00e8s une Liposuccion des hanches, bassin et cuisses.","og_url":"https:\/\/www.soome.be\/en\/products\/lipofilling-compression-lipo-panty-2\/standard-compression-lipo-panty\/short-panty\/","og_site_name":"SooMe","article_modified_time":"2026-04-22T13:14:50+00:00","og_image":[{"width":950,"height":1424,"url":"https:\/\/www.soome.be\/wp-content\/uploads\/2023\/06\/products-panty-court-2.jpg","type":"image\/jpeg"}],"twitter_card":"summary_large_image","twitter_misc":{"Estimated reading time":"1 minute"},"schema":{"@context":"https:\/\/schema.org","@graph":[{"@type":"WebPage","@id":"https:\/\/www.soome.be\/produits\/lipo-panty-de-contention\/lipo-panty-contention-standard\/panty-court\/","url":"https:\/\/www.soome.be\/produits\/lipo-panty-de-contention\/lipo-panty-contention-standard\/panty-court\/","name":"EMBODY post-operative short panty","isPartOf":{"@id":"https:\/\/www.soome.be\/#website"},"primaryImageOfPage":{"@id":"https:\/\/www.soome.be\/produits\/lipo-panty-de-contention\/lipo-panty-contention-standard\/panty-court\/#primaryimage"},"image":{"@id":"https:\/\/www.soome.be\/produits\/lipo-panty-de-contention\/lipo-panty-contention-standard\/panty-court\/#primaryimage"},"thumbnailUrl":"https:\/\/www.soome.be\/wp-content\/uploads\/2023\/06\/products-panty-court-2.jpg","datePublished":"2023-06-01T16:52:32+00:00","dateModified":"2026-04-22T13:14:50+00:00","description":"The Embody short panty offers great freedom of movement! They are ideal after liposuction of the hips, pelvis and thighs.","breadcrumb":{"@id":"https:\/\/www.soome.be\/produits\/lipo-panty-de-contention\/lipo-panty-contention-standard\/panty-court\/#breadcrumb"},"inLanguage":"en-GB","potentialAction":[{"@type":"ReadAction","target":["https:\/\/www.soome.be\/produits\/lipo-panty-de-contention\/lipo-panty-contention-standard\/panty-court\/"]}]},{"@type":"ImageObject","inLanguage":"en-GB","@id":"https:\/\/www.soome.be\/produits\/lipo-panty-de-contention\/lipo-panty-contention-standard\/panty-court\/#primaryimage","url":"https:\/\/www.soome.be\/wp-content\/uploads\/2023\/06\/products-panty-court-2.jpg","contentUrl":"https:\/\/www.soome.be\/wp-content\/uploads\/2023\/06\/products-panty-court-2.jpg","width":950,"height":1424,"caption":"PANTY COURT Embody"},{"@type":"BreadcrumbList","@id":"https:\/\/www.soome.be\/produits\/lipo-panty-de-contention\/lipo-panty-contention-standard\/panty-court\/#breadcrumb","itemListElement":[{"@type":"ListItem","position":1,"name":"Accueil","item":"https:\/\/www.soome.be\/"},{"@type":"ListItem","position":2,"name":"PRODUITS","item":"https:\/\/www.soome.be\/produits\/"},{"@type":"ListItem","position":3,"name":"Panty court"}]},{"@type":"WebSite","@id":"https:\/\/www.soome.be\/#website","url":"https:\/\/www.soome.be\/","name":"SooMe","description":"","potentialAction":[{"@type":"SearchAction","target":{"@type":"EntryPoint","urlTemplate":"https:\/\/www.soome.be\/?s={search_term_string}"},"query-input":{"@type":"PropertyValueSpecification","valueRequired":true,"valueName":"search_term_string"}}],"inLanguage":"en-GB"}]}},"_links":{"self":[{"href":"https:\/\/www.soome.be\/en\/wp-json\/wp\/v2\/product\/6766","targetHints":{"allow":["GET"]}}],"collection":[{"href":"https:\/\/www.soome.be\/en\/wp-json\/wp\/v2\/product"}],"about":[{"href":"https:\/\/www.soome.be\/en\/wp-json\/wp\/v2\/types\/product"}],"replies":[{"embeddable":true,"href":"https:\/\/www.soome.be\/en\/wp-json\/wp\/v2\/comments?post=6766"}],"wp:featuredmedia":[{"embeddable":true,"href":"https:\/\/www.soome.be\/en\/wp-json\/wp\/v2\/media\/6794"}],"wp:attachment":[{"href":"https:\/\/www.soome.be\/en\/wp-json\/wp\/v2\/media?parent=6766"}],"wp:term":[{"taxonomy":"product_brand","embeddable":true,"href":"https:\/\/www.soome.be\/en\/wp-json\/wp\/v2\/product_brand?post=6766"},{"taxonomy":"product_cat","embeddable":true,"href":"https:\/\/www.soome.be\/en\/wp-json\/wp\/v2\/product_cat?post=6766"},{"taxonomy":"product_tag","embeddable":true,"href":"https:\/\/www.soome.be\/en\/wp-json\/wp\/v2\/product_tag?post=6766"},{"taxonomy":"berocket_brand","embeddable":true,"href":"https:\/\/www.soome.be\/en\/wp-json\/wp\/v2\/berocket_brand?post=6766"}],"curies":[{"name":"wp","href":"https:\/\/api.w.org\/{rel}","templated":true}]}}