{"id":6837,"date":"2023-06-01T18:52:37","date_gmt":"2023-06-01T16:52:37","guid":{"rendered":"https:\/\/www.soome.be\/?post_type=product&#038;p=6837"},"modified":"2026-04-22T15:14:55","modified_gmt":"2026-04-22T13:14:55","slug":"high-mid-length-panty","status":"publish","type":"product","link":"https:\/\/www.soome.be\/en\/produits\/lipo-panty-de-contention\/lipo-panty-contention-standard\/panty-haut-mi-long\/","title":{"rendered":"Panty high mid-length"},"content":{"rendered":"<p><strong>DESCRIPTION:<\/p>\n<p><\/strong>Le confort et l\u2019efficacit\u00e9 du panty mi-long Embody sont ses premiers atouts !<\/p>\n<p>Our high-tech fabric offers great freedom of movement thanks to its multidimensional elasticity. It adapts to the curves of the body and follows its post-operative evolution.<\/p>\n<p>Delivering effective compression with a thin, lightweight, and breathable fabric is a real revolution!<\/p>\n<p>The second skin effect material will make you forget it's there, becoming your partner for everyday comfort.<\/p>\n<p>Ce mod\u00e8le est \u00e9galement d\u00e9clin\u00e9 en version longue, couvrant les mollets.<\/p>\n<p><strong>CHARACTERISTICS :<\/strong><\/p>\n<p>Patented model &amp; technology. Medical device class 1 \u2013 CE<\/p>\n<p>\u2013 Easy clip adjustable front closure with foam reinforcement<\/p>\n<p>- Thermobonded finishes<\/p>\n<p>- Smooth appearance (fine grain) avoids scarring and promotes healing<\/p>\n<p>- Detachable and adjustable straps<\/p>\n<p>- Crotch opening<\/p>\n<p>- Underbust cut to combine with bra of choice<\/p>\n<p><strong>FABRIC :<\/strong><\/p>\n<p>\u2013 Lightweight, breathable warp &amp; weft fabric<\/p>\n<p><strong>MAINTENANCE :<\/strong><\/p>\n<p>Cleaning 30\u00b0C water + soap<\/p>\n<p>no dryer<\/p>\n<p><strong>COLOR :<\/strong> black<\/p>\n<p><strong>SIZE GUIDE:<\/p>\n<p><img fetchpriority=\"high\" decoding=\"async\" class=\"alignnone wp-image-41724\" src=\"https:\/\/www.abricot-compression.com\/wp-content\/uploads\/2022\/11\/guide-tailles-panty-embody-1024x748.png\" alt=\"\" width=\"900\" height=\"657\" \/><\/p>\n<p><\/strong><\/p>","protected":false},"excerpt":{"rendered":"<p>immediate post-operative<\/p>\n<p>Liposuccion des hanches, bassin, cuisses, genoux et mollets<\/p>\n<p><strong>Color : Black<\/strong><\/p>","protected":false},"featured_media":6846,"comment_status":"open","ping_status":"closed","template":"","meta":[],"product_brand":[],"product_cat":[73],"product_tag":[],"berocket_brand":[436],"class_list":{"0":"post-6837","1":"product","2":"type-product","3":"status-publish","4":"has-post-thumbnail","6":"product_cat-lipo-panty-contention-standard","7":"pa_eg_html5_ratio-0-4","8":"pa_eg_soundcloud_ratio-0-5","9":"pa_eg_wistia_ratio-0-3","10":"pa_eg_youtube_ratio-0-2","11":"pa_fb_product_group_id-166","12":"pa_fb_visibility-117","13":"pa_product_brand-embody-2","14":"pa_tailles-36-2","15":"pa_tailles-38-2","16":"pa_tailles-40-2","17":"pa_tailles-394","18":"pa_tailles-395","19":"pa_tailles-396","20":"pa_tailles-397","21":"pa_tailles-398","22":"pa_thp_upsellpopup_template-template-default","23":"pa_xfgmc_adult-off-2","24":"pa_xfgmc_condition-default","25":"pa_xfgmc_identifier_exists-off","26":"berocket_brand-embody","28":"first","29":"instock","30":"taxable","31":"shipping-taxable","32":"purchasable","33":"product-type-variable"},"yoast_head":"<!-- This site is optimized with the Yoast SEO plugin v27.4 - https:\/\/yoast.com\/product\/yoast-seo-wordpress\/ -->\n<title>Panty haut mi-long EMBODY<\/title>\n<meta name=\"description\" content=\"Le confort et l\u2019efficacit\u00e9 du panty long Embody sont ses premiers atouts ! Notre tissu high-tech offre une grande libert\u00e9 de mouvement gr\u00e2ce \u00e0 son \u00e9lasticit\u00e9 multidimensionnelle.\" \/>\n<meta name=\"robots\" content=\"index, follow, max-snippet:-1, max-image-preview:large, max-video-preview:-1\" \/>\n<link rel=\"canonical\" href=\"https:\/\/www.soome.be\/en\/products\/lipofilling-compression-lipo-panty-2\/standard-compression-lipo-panty\/high-mid-length-panty\/\" \/>\n<meta property=\"og:locale\" content=\"en_GB\" \/>\n<meta property=\"og:type\" content=\"article\" \/>\n<meta property=\"og:title\" content=\"Panty haut mi-long EMBODY\" \/>\n<meta property=\"og:description\" content=\"Le confort et l\u2019efficacit\u00e9 du panty long Embody sont ses premiers atouts ! Notre tissu high-tech offre une grande libert\u00e9 de mouvement gr\u00e2ce \u00e0 son \u00e9lasticit\u00e9 multidimensionnelle.\" \/>\n<meta property=\"og:url\" content=\"https:\/\/www.soome.be\/en\/products\/lipofilling-compression-lipo-panty-2\/standard-compression-lipo-panty\/high-mid-length-panty\/\" \/>\n<meta property=\"og:site_name\" content=\"SooMe\" \/>\n<meta property=\"article:modified_time\" content=\"2026-04-22T13:14:55+00:00\" \/>\n<meta property=\"og:image\" content=\"https:\/\/www.soome.be\/wp-content\/uploads\/2023\/06\/products-panty-haut-noir-mi-long-1.jpg\" \/>\n\t<meta property=\"og:image:width\" content=\"950\" \/>\n\t<meta property=\"og:image:height\" content=\"1424\" \/>\n\t<meta property=\"og:image:type\" content=\"image\/jpeg\" \/>\n<meta name=\"twitter:card\" content=\"summary_large_image\" \/>\n<meta name=\"twitter:label1\" content=\"Estimated reading time\" \/>\n\t<meta name=\"twitter:data1\" content=\"1 minute\" \/>\n<script type=\"application\/ld+json\" class=\"yoast-schema-graph\">{\"@context\":\"https:\\\/\\\/schema.org\",\"@graph\":[{\"@type\":\"WebPage\",\"@id\":\"https:\\\/\\\/www.soome.be\\\/produits\\\/lipo-panty-de-contention\\\/lipo-panty-contention-standard\\\/panty-haut-mi-long\\\/\",\"url\":\"https:\\\/\\\/www.soome.be\\\/produits\\\/lipo-panty-de-contention\\\/lipo-panty-contention-standard\\\/panty-haut-mi-long\\\/\",\"name\":\"Panty haut mi-long EMBODY\",\"isPartOf\":{\"@id\":\"https:\\\/\\\/www.soome.be\\\/#website\"},\"primaryImageOfPage\":{\"@id\":\"https:\\\/\\\/www.soome.be\\\/produits\\\/lipo-panty-de-contention\\\/lipo-panty-contention-standard\\\/panty-haut-mi-long\\\/#primaryimage\"},\"image\":{\"@id\":\"https:\\\/\\\/www.soome.be\\\/produits\\\/lipo-panty-de-contention\\\/lipo-panty-contention-standard\\\/panty-haut-mi-long\\\/#primaryimage\"},\"thumbnailUrl\":\"https:\\\/\\\/www.soome.be\\\/wp-content\\\/uploads\\\/2023\\\/06\\\/products-panty-haut-noir-mi-long-1.jpg\",\"datePublished\":\"2023-06-01T16:52:37+00:00\",\"dateModified\":\"2026-04-22T13:14:55+00:00\",\"description\":\"Le confort et l\u2019efficacit\u00e9 du panty long Embody sont ses premiers atouts ! Notre tissu high-tech offre une grande libert\u00e9 de mouvement gr\u00e2ce \u00e0 son \u00e9lasticit\u00e9 multidimensionnelle.\",\"breadcrumb\":{\"@id\":\"https:\\\/\\\/www.soome.be\\\/produits\\\/lipo-panty-de-contention\\\/lipo-panty-contention-standard\\\/panty-haut-mi-long\\\/#breadcrumb\"},\"inLanguage\":\"en-GB\",\"potentialAction\":[{\"@type\":\"ReadAction\",\"target\":[\"https:\\\/\\\/www.soome.be\\\/produits\\\/lipo-panty-de-contention\\\/lipo-panty-contention-standard\\\/panty-haut-mi-long\\\/\"]}]},{\"@type\":\"ImageObject\",\"inLanguage\":\"en-GB\",\"@id\":\"https:\\\/\\\/www.soome.be\\\/produits\\\/lipo-panty-de-contention\\\/lipo-panty-contention-standard\\\/panty-haut-mi-long\\\/#primaryimage\",\"url\":\"https:\\\/\\\/www.soome.be\\\/wp-content\\\/uploads\\\/2023\\\/06\\\/products-panty-haut-noir-mi-long-1.jpg\",\"contentUrl\":\"https:\\\/\\\/www.soome.be\\\/wp-content\\\/uploads\\\/2023\\\/06\\\/products-panty-haut-noir-mi-long-1.jpg\",\"width\":950,\"height\":1424,\"caption\":\"Panty haut mi-long EMBODY\"},{\"@type\":\"BreadcrumbList\",\"@id\":\"https:\\\/\\\/www.soome.be\\\/produits\\\/lipo-panty-de-contention\\\/lipo-panty-contention-standard\\\/panty-haut-mi-long\\\/#breadcrumb\",\"itemListElement\":[{\"@type\":\"ListItem\",\"position\":1,\"name\":\"Accueil\",\"item\":\"https:\\\/\\\/www.soome.be\\\/\"},{\"@type\":\"ListItem\",\"position\":2,\"name\":\"PRODUITS\",\"item\":\"https:\\\/\\\/www.soome.be\\\/produits\\\/\"},{\"@type\":\"ListItem\",\"position\":3,\"name\":\"Panty haut mi-long\"}]},{\"@type\":\"WebSite\",\"@id\":\"https:\\\/\\\/www.soome.be\\\/#website\",\"url\":\"https:\\\/\\\/www.soome.be\\\/\",\"name\":\"SooMe\",\"description\":\"\",\"potentialAction\":[{\"@type\":\"SearchAction\",\"target\":{\"@type\":\"EntryPoint\",\"urlTemplate\":\"https:\\\/\\\/www.soome.be\\\/?s={search_term_string}\"},\"query-input\":{\"@type\":\"PropertyValueSpecification\",\"valueRequired\":true,\"valueName\":\"search_term_string\"}}],\"inLanguage\":\"en-GB\"}]}<\/script>\n<!-- \/ Yoast SEO plugin. -->","yoast_head_json":{"title":"EMBODY mid-length top panty","description":"The comfort and efficiency of the Embody long panty are its main assets! Our high-tech fabric offers great freedom of movement thanks to its multi-dimensional elasticity.","robots":{"index":"index","follow":"follow","max-snippet":"max-snippet:-1","max-image-preview":"max-image-preview:large","max-video-preview":"max-video-preview:-1"},"canonical":"https:\/\/www.soome.be\/en\/products\/lipofilling-compression-lipo-panty-2\/standard-compression-lipo-panty\/high-mid-length-panty\/","og_locale":"en_GB","og_type":"article","og_title":"Panty haut mi-long EMBODY","og_description":"Le confort et l\u2019efficacit\u00e9 du panty long Embody sont ses premiers atouts ! Notre tissu high-tech offre une grande libert\u00e9 de mouvement gr\u00e2ce \u00e0 son \u00e9lasticit\u00e9 multidimensionnelle.","og_url":"https:\/\/www.soome.be\/en\/products\/lipofilling-compression-lipo-panty-2\/standard-compression-lipo-panty\/high-mid-length-panty\/","og_site_name":"SooMe","article_modified_time":"2026-04-22T13:14:55+00:00","og_image":[{"width":950,"height":1424,"url":"https:\/\/www.soome.be\/wp-content\/uploads\/2023\/06\/products-panty-haut-noir-mi-long-1.jpg","type":"image\/jpeg"}],"twitter_card":"summary_large_image","twitter_misc":{"Estimated reading time":"1 minute"},"schema":{"@context":"https:\/\/schema.org","@graph":[{"@type":"WebPage","@id":"https:\/\/www.soome.be\/produits\/lipo-panty-de-contention\/lipo-panty-contention-standard\/panty-haut-mi-long\/","url":"https:\/\/www.soome.be\/produits\/lipo-panty-de-contention\/lipo-panty-contention-standard\/panty-haut-mi-long\/","name":"EMBODY mid-length top panty","isPartOf":{"@id":"https:\/\/www.soome.be\/#website"},"primaryImageOfPage":{"@id":"https:\/\/www.soome.be\/produits\/lipo-panty-de-contention\/lipo-panty-contention-standard\/panty-haut-mi-long\/#primaryimage"},"image":{"@id":"https:\/\/www.soome.be\/produits\/lipo-panty-de-contention\/lipo-panty-contention-standard\/panty-haut-mi-long\/#primaryimage"},"thumbnailUrl":"https:\/\/www.soome.be\/wp-content\/uploads\/2023\/06\/products-panty-haut-noir-mi-long-1.jpg","datePublished":"2023-06-01T16:52:37+00:00","dateModified":"2026-04-22T13:14:55+00:00","description":"The comfort and efficiency of the Embody long panty are its main assets! Our high-tech fabric offers great freedom of movement thanks to its multi-dimensional elasticity.","breadcrumb":{"@id":"https:\/\/www.soome.be\/produits\/lipo-panty-de-contention\/lipo-panty-contention-standard\/panty-haut-mi-long\/#breadcrumb"},"inLanguage":"en-GB","potentialAction":[{"@type":"ReadAction","target":["https:\/\/www.soome.be\/produits\/lipo-panty-de-contention\/lipo-panty-contention-standard\/panty-haut-mi-long\/"]}]},{"@type":"ImageObject","inLanguage":"en-GB","@id":"https:\/\/www.soome.be\/produits\/lipo-panty-de-contention\/lipo-panty-contention-standard\/panty-haut-mi-long\/#primaryimage","url":"https:\/\/www.soome.be\/wp-content\/uploads\/2023\/06\/products-panty-haut-noir-mi-long-1.jpg","contentUrl":"https:\/\/www.soome.be\/wp-content\/uploads\/2023\/06\/products-panty-haut-noir-mi-long-1.jpg","width":950,"height":1424,"caption":"Panty haut mi-long EMBODY"},{"@type":"BreadcrumbList","@id":"https:\/\/www.soome.be\/produits\/lipo-panty-de-contention\/lipo-panty-contention-standard\/panty-haut-mi-long\/#breadcrumb","itemListElement":[{"@type":"ListItem","position":1,"name":"Accueil","item":"https:\/\/www.soome.be\/"},{"@type":"ListItem","position":2,"name":"PRODUITS","item":"https:\/\/www.soome.be\/produits\/"},{"@type":"ListItem","position":3,"name":"Panty haut mi-long"}]},{"@type":"WebSite","@id":"https:\/\/www.soome.be\/#website","url":"https:\/\/www.soome.be\/","name":"SooMe","description":"","potentialAction":[{"@type":"SearchAction","target":{"@type":"EntryPoint","urlTemplate":"https:\/\/www.soome.be\/?s={search_term_string}"},"query-input":{"@type":"PropertyValueSpecification","valueRequired":true,"valueName":"search_term_string"}}],"inLanguage":"en-GB"}]}},"_links":{"self":[{"href":"https:\/\/www.soome.be\/en\/wp-json\/wp\/v2\/product\/6837","targetHints":{"allow":["GET"]}}],"collection":[{"href":"https:\/\/www.soome.be\/en\/wp-json\/wp\/v2\/product"}],"about":[{"href":"https:\/\/www.soome.be\/en\/wp-json\/wp\/v2\/types\/product"}],"replies":[{"embeddable":true,"href":"https:\/\/www.soome.be\/en\/wp-json\/wp\/v2\/comments?post=6837"}],"wp:featuredmedia":[{"embeddable":true,"href":"https:\/\/www.soome.be\/en\/wp-json\/wp\/v2\/media\/6846"}],"wp:attachment":[{"href":"https:\/\/www.soome.be\/en\/wp-json\/wp\/v2\/media?parent=6837"}],"wp:term":[{"taxonomy":"product_brand","embeddable":true,"href":"https:\/\/www.soome.be\/en\/wp-json\/wp\/v2\/product_brand?post=6837"},{"taxonomy":"product_cat","embeddable":true,"href":"https:\/\/www.soome.be\/en\/wp-json\/wp\/v2\/product_cat?post=6837"},{"taxonomy":"product_tag","embeddable":true,"href":"https:\/\/www.soome.be\/en\/wp-json\/wp\/v2\/product_tag?post=6837"},{"taxonomy":"berocket_brand","embeddable":true,"href":"https:\/\/www.soome.be\/en\/wp-json\/wp\/v2\/berocket_brand?post=6837"}],"curies":[{"name":"wp","href":"https:\/\/api.w.org\/{rel}","templated":true}]}}