{"id":6895,"date":"2023-06-01T18:53:34","date_gmt":"2023-06-01T16:53:34","guid":{"rendered":"https:\/\/www.soome.be\/?post_type=product&#038;p=6895"},"modified":"2026-04-22T15:14:59","modified_gmt":"2026-04-22T13:14:59","slug":"body-renforce","status":"publish","type":"product","link":"https:\/\/www.soome.be\/en\/produits\/ceintures-abdominales-post-operatoires-femme\/body-renforce\/","title":{"rendered":"Reinforced body"},"content":{"rendered":"<p><strong>DESCRIPTION:<\/p>\n<p><\/strong>D\u00e9velopp\u00e9 sp\u00e9cifiquement pour une utilisation post-chirurgie, le tissu high-tech du body renforc\u00e9 Embody offre un mouvement \u00e9lastique multidimensionnel et permet une compression plus importante au niveau du ventre, facilitant la r\u00e9sorption des tissus et la cicatrisation sur les zones op\u00e9r\u00e9es.<\/p>\n<p>Il assure \u00e0 la fois un bon maintien et une grande souplesse pour la libert\u00e9 de mouvement.<\/p>\n<p>La contention est efficace sans comprimer, se faisant oublier sur la peau.<\/p>\n<p><strong>CHARACTERISTICS :<\/p>\n<p><\/strong>&#8211; Fermeture lat\u00e9rale \u00ab easy clip \u00bb r\u00e9glable, sur toute la longueur avec renfort en mousse<\/p>\n<p>- Thermobonded finishes<\/p>\n<p>- Smooth appearance (fine grain) avoids scarring and promotes healing<\/p>\n<p>- Underbust cut to combine with bra of choice<\/p>\n<p>- Detachable and adjustable straps<\/p>\n<p>&#8211; Fermeture \u00e0 l\u2019entrejambe avec boutons pressions<\/p>\n<p>&#8211; Renfort avant<\/p>\n<p><strong>FABRIC :<\/strong><\/p>\n<p>\u2013 Lightweight, breathable warp &amp; weft fabric<\/p>\n<p><strong>MAINTENANCE :<\/strong><\/p>\n<p>Cleaning 30\u00b0C water + soap<\/p>\n<p>no dryer<\/p>\n<p><strong>COLOR :<\/strong> black<\/p>\n<p><strong>SIZE GUIDE:<\/p>\n<p><img fetchpriority=\"high\" decoding=\"async\" class=\"alignnone wp-image-41724\" src=\"https:\/\/www.abricot-compression.com\/wp-content\/uploads\/2022\/11\/guide-tailles-panty-embody-1024x748.png\" alt=\"\" width=\"900\" height=\"657\" \/><\/p>\n<p><\/strong><\/p>","protected":false},"excerpt":{"rendered":"<p>The post-operative reinforced body Embody is used following surgery and liposuction of the abdomen and hips.<\/p>\n<p><strong>Color : Black<\/strong><\/p>","protected":false},"featured_media":6905,"comment_status":"open","ping_status":"open","template":"","meta":[],"product_brand":[],"product_cat":[70],"product_tag":[],"berocket_brand":[436],"class_list":{"0":"post-6895","1":"product","2":"type-product","3":"status-publish","4":"has-post-thumbnail","6":"product_cat-ceintures-abdominales-post-operatoires-femme","7":"pa_eg_html5_ratio-0-4","8":"pa_eg_soundcloud_ratio-0-5","9":"pa_eg_wistia_ratio-0-3","10":"pa_eg_youtube_ratio-0-2","11":"pa_fb_product_group_id-166","12":"pa_fb_visibility-117","13":"pa_product_brand-embody-2","14":"pa_tailles-391","15":"pa_tailles-36-2","16":"pa_tailles-38-2","17":"pa_tailles-40-2","18":"pa_tailles-394","19":"pa_tailles-395","20":"pa_tailles-396","21":"pa_tailles-397","22":"pa_tailles-398","23":"pa_thp_upsellpopup_template-template-default","24":"pa_xfgmc_adult-off-2","25":"pa_xfgmc_condition-default","26":"pa_xfgmc_identifier_exists-off","27":"berocket_brand-embody","29":"first","30":"instock","31":"taxable","32":"shipping-taxable","33":"purchasable","34":"product-type-variable"},"yoast_head":"<!-- This site is optimized with the Yoast SEO plugin v27.4 - https:\/\/yoast.com\/product\/yoast-seo-wordpress\/ -->\n<title>Body Renforc\u00e9 EMBODY<\/title>\n<meta name=\"description\" content=\"Le body renforc\u00e9 post-op\u00e9ratoire Embody est utilis\u00e9 suite \u00e0 une chirurgie et liposuccion du ventre et des hanches. Tissu cha\u00eene &amp; trame l\u00e9ger et respirant.\" \/>\n<meta name=\"robots\" content=\"index, follow, max-snippet:-1, max-image-preview:large, max-video-preview:-1\" \/>\n<link rel=\"canonical\" href=\"https:\/\/www.soome.be\/en\/products\/womens-post-op-abdominal-belts\/body-renforce\/\" \/>\n<meta property=\"og:locale\" content=\"en_GB\" \/>\n<meta property=\"og:type\" content=\"article\" \/>\n<meta property=\"og:title\" content=\"Body Renforc\u00e9 EMBODY\" \/>\n<meta property=\"og:description\" content=\"Le body renforc\u00e9 post-op\u00e9ratoire Embody est utilis\u00e9 suite \u00e0 une chirurgie et liposuccion du ventre et des hanches. Tissu cha\u00eene &amp; trame l\u00e9ger et respirant.\" \/>\n<meta property=\"og:url\" content=\"https:\/\/www.soome.be\/en\/products\/womens-post-op-abdominal-belts\/body-renforce\/\" \/>\n<meta property=\"og:site_name\" content=\"SooMe\" \/>\n<meta property=\"article:modified_time\" content=\"2026-04-22T13:14:59+00:00\" \/>\n<meta property=\"og:image\" content=\"https:\/\/www.soome.be\/wp-content\/uploads\/2023\/06\/products-body-renforce-2.png\" \/>\n\t<meta property=\"og:image:width\" content=\"950\" \/>\n\t<meta property=\"og:image:height\" content=\"1424\" \/>\n\t<meta property=\"og:image:type\" content=\"image\/jpeg\" \/>\n<meta name=\"twitter:card\" content=\"summary_large_image\" \/>\n<meta name=\"twitter:label1\" content=\"Estimated reading time\" \/>\n\t<meta name=\"twitter:data1\" content=\"1 minute\" \/>\n<script type=\"application\/ld+json\" class=\"yoast-schema-graph\">{\"@context\":\"https:\\\/\\\/schema.org\",\"@graph\":[{\"@type\":\"WebPage\",\"@id\":\"https:\\\/\\\/www.soome.be\\\/produits\\\/ceintures-abdominales-post-operatoires-femme\\\/body-renforce\\\/\",\"url\":\"https:\\\/\\\/www.soome.be\\\/produits\\\/ceintures-abdominales-post-operatoires-femme\\\/body-renforce\\\/\",\"name\":\"Body Renforc\u00e9 EMBODY\",\"isPartOf\":{\"@id\":\"https:\\\/\\\/www.soome.be\\\/#website\"},\"primaryImageOfPage\":{\"@id\":\"https:\\\/\\\/www.soome.be\\\/produits\\\/ceintures-abdominales-post-operatoires-femme\\\/body-renforce\\\/#primaryimage\"},\"image\":{\"@id\":\"https:\\\/\\\/www.soome.be\\\/produits\\\/ceintures-abdominales-post-operatoires-femme\\\/body-renforce\\\/#primaryimage\"},\"thumbnailUrl\":\"https:\\\/\\\/www.soome.be\\\/wp-content\\\/uploads\\\/2023\\\/06\\\/products-body-renforce-2.png\",\"datePublished\":\"2023-06-01T16:53:34+00:00\",\"dateModified\":\"2026-04-22T13:14:59+00:00\",\"description\":\"Le body renforc\u00e9 post-op\u00e9ratoire Embody est utilis\u00e9 suite \u00e0 une chirurgie et liposuccion du ventre et des hanches. Tissu cha\u00eene & trame l\u00e9ger et respirant.\",\"breadcrumb\":{\"@id\":\"https:\\\/\\\/www.soome.be\\\/produits\\\/ceintures-abdominales-post-operatoires-femme\\\/body-renforce\\\/#breadcrumb\"},\"inLanguage\":\"en-GB\",\"potentialAction\":[{\"@type\":\"ReadAction\",\"target\":[\"https:\\\/\\\/www.soome.be\\\/produits\\\/ceintures-abdominales-post-operatoires-femme\\\/body-renforce\\\/\"]}]},{\"@type\":\"ImageObject\",\"inLanguage\":\"en-GB\",\"@id\":\"https:\\\/\\\/www.soome.be\\\/produits\\\/ceintures-abdominales-post-operatoires-femme\\\/body-renforce\\\/#primaryimage\",\"url\":\"https:\\\/\\\/www.soome.be\\\/wp-content\\\/uploads\\\/2023\\\/06\\\/products-body-renforce-2.png\",\"contentUrl\":\"https:\\\/\\\/www.soome.be\\\/wp-content\\\/uploads\\\/2023\\\/06\\\/products-body-renforce-2.png\",\"width\":950,\"height\":1424,\"caption\":\"BODY RENFORC\u00c9 Embody\"},{\"@type\":\"BreadcrumbList\",\"@id\":\"https:\\\/\\\/www.soome.be\\\/produits\\\/ceintures-abdominales-post-operatoires-femme\\\/body-renforce\\\/#breadcrumb\",\"itemListElement\":[{\"@type\":\"ListItem\",\"position\":1,\"name\":\"Accueil\",\"item\":\"https:\\\/\\\/www.soome.be\\\/\"},{\"@type\":\"ListItem\",\"position\":2,\"name\":\"PRODUITS\",\"item\":\"https:\\\/\\\/www.soome.be\\\/produits\\\/\"},{\"@type\":\"ListItem\",\"position\":3,\"name\":\"Body renforc\u00e9\"}]},{\"@type\":\"WebSite\",\"@id\":\"https:\\\/\\\/www.soome.be\\\/#website\",\"url\":\"https:\\\/\\\/www.soome.be\\\/\",\"name\":\"SooMe\",\"description\":\"\",\"potentialAction\":[{\"@type\":\"SearchAction\",\"target\":{\"@type\":\"EntryPoint\",\"urlTemplate\":\"https:\\\/\\\/www.soome.be\\\/?s={search_term_string}\"},\"query-input\":{\"@type\":\"PropertyValueSpecification\",\"valueRequired\":true,\"valueName\":\"search_term_string\"}}],\"inLanguage\":\"en-GB\"}]}<\/script>\n<!-- \/ Yoast SEO plugin. -->","yoast_head_json":{"title":"EMBODY Reinforced Body","description":"The Embody post-operative reinforced bodysuit is used following surgery and liposuction of the tummy and hips. Lightweight, breathable warp &amp; weft fabric.","robots":{"index":"index","follow":"follow","max-snippet":"max-snippet:-1","max-image-preview":"max-image-preview:large","max-video-preview":"max-video-preview:-1"},"canonical":"https:\/\/www.soome.be\/en\/products\/womens-post-op-abdominal-belts\/body-renforce\/","og_locale":"en_GB","og_type":"article","og_title":"Body Renforc\u00e9 EMBODY","og_description":"Le body renforc\u00e9 post-op\u00e9ratoire Embody est utilis\u00e9 suite \u00e0 une chirurgie et liposuccion du ventre et des hanches. Tissu cha\u00eene & trame l\u00e9ger et respirant.","og_url":"https:\/\/www.soome.be\/en\/products\/womens-post-op-abdominal-belts\/body-renforce\/","og_site_name":"SooMe","article_modified_time":"2026-04-22T13:14:59+00:00","og_image":[{"width":950,"height":1424,"url":"https:\/\/www.soome.be\/wp-content\/uploads\/2023\/06\/products-body-renforce-2.png","type":"image\/jpeg"}],"twitter_card":"summary_large_image","twitter_misc":{"Estimated reading time":"1 minute"},"schema":{"@context":"https:\/\/schema.org","@graph":[{"@type":"WebPage","@id":"https:\/\/www.soome.be\/produits\/ceintures-abdominales-post-operatoires-femme\/body-renforce\/","url":"https:\/\/www.soome.be\/produits\/ceintures-abdominales-post-operatoires-femme\/body-renforce\/","name":"EMBODY Reinforced Body","isPartOf":{"@id":"https:\/\/www.soome.be\/#website"},"primaryImageOfPage":{"@id":"https:\/\/www.soome.be\/produits\/ceintures-abdominales-post-operatoires-femme\/body-renforce\/#primaryimage"},"image":{"@id":"https:\/\/www.soome.be\/produits\/ceintures-abdominales-post-operatoires-femme\/body-renforce\/#primaryimage"},"thumbnailUrl":"https:\/\/www.soome.be\/wp-content\/uploads\/2023\/06\/products-body-renforce-2.png","datePublished":"2023-06-01T16:53:34+00:00","dateModified":"2026-04-22T13:14:59+00:00","description":"The Embody post-operative reinforced bodysuit is used following surgery and liposuction of the tummy and hips. Lightweight, breathable warp &amp; weft fabric.","breadcrumb":{"@id":"https:\/\/www.soome.be\/produits\/ceintures-abdominales-post-operatoires-femme\/body-renforce\/#breadcrumb"},"inLanguage":"en-GB","potentialAction":[{"@type":"ReadAction","target":["https:\/\/www.soome.be\/produits\/ceintures-abdominales-post-operatoires-femme\/body-renforce\/"]}]},{"@type":"ImageObject","inLanguage":"en-GB","@id":"https:\/\/www.soome.be\/produits\/ceintures-abdominales-post-operatoires-femme\/body-renforce\/#primaryimage","url":"https:\/\/www.soome.be\/wp-content\/uploads\/2023\/06\/products-body-renforce-2.png","contentUrl":"https:\/\/www.soome.be\/wp-content\/uploads\/2023\/06\/products-body-renforce-2.png","width":950,"height":1424,"caption":"BODY RENFORC\u00c9 Embody"},{"@type":"BreadcrumbList","@id":"https:\/\/www.soome.be\/produits\/ceintures-abdominales-post-operatoires-femme\/body-renforce\/#breadcrumb","itemListElement":[{"@type":"ListItem","position":1,"name":"Accueil","item":"https:\/\/www.soome.be\/"},{"@type":"ListItem","position":2,"name":"PRODUITS","item":"https:\/\/www.soome.be\/produits\/"},{"@type":"ListItem","position":3,"name":"Body renforc\u00e9"}]},{"@type":"WebSite","@id":"https:\/\/www.soome.be\/#website","url":"https:\/\/www.soome.be\/","name":"SooMe","description":"","potentialAction":[{"@type":"SearchAction","target":{"@type":"EntryPoint","urlTemplate":"https:\/\/www.soome.be\/?s={search_term_string}"},"query-input":{"@type":"PropertyValueSpecification","valueRequired":true,"valueName":"search_term_string"}}],"inLanguage":"en-GB"}]}},"_links":{"self":[{"href":"https:\/\/www.soome.be\/en\/wp-json\/wp\/v2\/product\/6895","targetHints":{"allow":["GET"]}}],"collection":[{"href":"https:\/\/www.soome.be\/en\/wp-json\/wp\/v2\/product"}],"about":[{"href":"https:\/\/www.soome.be\/en\/wp-json\/wp\/v2\/types\/product"}],"replies":[{"embeddable":true,"href":"https:\/\/www.soome.be\/en\/wp-json\/wp\/v2\/comments?post=6895"}],"wp:featuredmedia":[{"embeddable":true,"href":"https:\/\/www.soome.be\/en\/wp-json\/wp\/v2\/media\/6905"}],"wp:attachment":[{"href":"https:\/\/www.soome.be\/en\/wp-json\/wp\/v2\/media?parent=6895"}],"wp:term":[{"taxonomy":"product_brand","embeddable":true,"href":"https:\/\/www.soome.be\/en\/wp-json\/wp\/v2\/product_brand?post=6895"},{"taxonomy":"product_cat","embeddable":true,"href":"https:\/\/www.soome.be\/en\/wp-json\/wp\/v2\/product_cat?post=6895"},{"taxonomy":"product_tag","embeddable":true,"href":"https:\/\/www.soome.be\/en\/wp-json\/wp\/v2\/product_tag?post=6895"},{"taxonomy":"berocket_brand","embeddable":true,"href":"https:\/\/www.soome.be\/en\/wp-json\/wp\/v2\/berocket_brand?post=6895"}],"curies":[{"name":"wp","href":"https:\/\/api.w.org\/{rel}","templated":true}]}}