{"id":6909,"date":"2023-06-01T18:53:36","date_gmt":"2023-06-01T16:53:36","guid":{"rendered":"https:\/\/www.soome.be\/?post_type=product&#038;p=6909"},"modified":"2026-04-22T15:14:59","modified_gmt":"2026-04-22T13:14:59","slug":"post-op-wrap-bra-2","status":"publish","type":"product","link":"https:\/\/www.soome.be\/en\/produits\/brassieres-post-operatoires-femme\/cache-coeur-postoperatoire-2\/","title":{"rendered":"Post-operative heart cover"},"content":{"rendered":"<p><strong>DESCRIPTION:<\/p>\n<p><\/strong>Le confort s\u2019ajoute \u00e0 la performance.<\/p>\n<p>Le cache-c\u0153ur Embody agit efficacement pour limiter les \u0153d\u00e8mes ou les gonflements.<\/p>\n<p>Il favorise l\u2019adh\u00e9sion des tissus entre eux : la formation des h\u00e9matomes est contenue.<\/p>\n<p>Le tissu d\u00e9velopp\u00e9 par notre \u00e9quipe technique se confond sur votre silhouette telle une seconde peau, sa discr\u00e9tion et sa finesse n\u2019entravent n\u00e9anmoins pas l\u2019efficacit\u00e9 de son maintien.<\/p>\n<p>Un bel empi\u00e8cement de dentelle de Calais couvre la poitrine, son \u00e9lasticit\u00e9 remarquable vous laissera libre de combiner le cache-c\u0153ur avec le soutien-gorge de votre choix<\/p>\n<p><strong>CHARACTERISTICS :<\/p>\n<p><\/strong><\/p>\n<p>Patented model &amp; technology. Medical device class 1 \u2013 CE<\/p>\n<p>- Adjustable \u00abeasy clip\u00bb fastening under the chest<\/p>\n<p>- Thermobonded finishes<\/p>\n<p>- Smooth appearance (fine grain) avoids scarring and promotes healing<\/p>\n<p>- Armpit comfort yoke<\/p>\n<p>- Lace yoke on chest<\/p>\n<p><strong>FABRIC :<\/strong><\/p>\n<p>\u2013 Lightweight, breathable warp &amp; weft fabric<\/p>\n<p>\u2013 Lace from Calais<\/p>\n<p><strong>MAINTENANCE :<\/strong><\/p>\n<p>Cleaning 30\u00b0C water + soap<\/p>\n<p>no dryer<\/p>\n<p><strong>COLOR :<\/strong> black<\/p>\n<p><strong>SIZE GUIDE:<\/p>\n<p><img fetchpriority=\"high\" decoding=\"async\" class=\"alignnone wp-image-41871\" src=\"https:\/\/www.abricot-compression.com\/wp-content\/uploads\/2022\/11\/guide-tailles-cache-coeur-embody-1024x711.png\" alt=\"\" width=\"900\" height=\"625\" \/><\/p>\n<p><\/strong><\/p>","protected":false},"excerpt":{"rendered":"<p>immediate post-operative<\/p>\n<p>The Embody heart guard is prescribed after lifting or liposuction of the arms and forearms.<\/p>\n<p><strong>Color : Black<\/strong><\/p>","protected":false},"featured_media":6917,"comment_status":"open","ping_status":"closed","template":"","meta":[],"product_brand":[],"product_cat":[81],"product_tag":[],"berocket_brand":[436],"class_list":{"0":"post-6909","1":"product","2":"type-product","3":"status-publish","4":"has-post-thumbnail","6":"product_cat-brassieres-post-operatoires-femme","7":"pa_eg_html5_ratio-0-4","8":"pa_eg_soundcloud_ratio-0-5","9":"pa_eg_wistia_ratio-0-3","10":"pa_eg_youtube_ratio-0-2","11":"pa_fb_product_group_id-166","12":"pa_fb_visibility-117","13":"pa_product_brand-embody-2","14":"pa_tailles-l-2","15":"pa_tailles-m-2","16":"pa_tailles-s-2","17":"pa_tailles-xl-2","18":"pa_tailles-xs-2","19":"pa_thp_upsellpopup_template-template-default","20":"pa_xfgmc_adult-off-2","21":"pa_xfgmc_condition-default","22":"pa_xfgmc_identifier_exists-off","23":"berocket_brand-embody","25":"first","26":"instock","27":"taxable","28":"shipping-taxable","29":"purchasable","30":"product-type-variable"},"yoast_head":"<!-- This site is optimized with the Yoast SEO plugin v27.4 - https:\/\/yoast.com\/product\/yoast-seo-wordpress\/ -->\n<title>Cache-c\u0153ur post-operatoire EMBODY<\/title>\n<meta name=\"description\" content=\"Le cache-c\u0153ur Embody est prescrit suite \u00e0 Lifting ou une liposuccion des bras et des avant-bras. Il limite les \u0153d\u00e8mes ou les gonflements.\" \/>\n<meta name=\"robots\" content=\"index, follow, max-snippet:-1, max-image-preview:large, max-video-preview:-1\" \/>\n<link rel=\"canonical\" href=\"https:\/\/www.soome.be\/en\/products\/womens-post-op-bras-2\/post-op-wrap-bra-2\/\" \/>\n<meta property=\"og:locale\" content=\"en_GB\" \/>\n<meta property=\"og:type\" content=\"article\" \/>\n<meta property=\"og:title\" content=\"Cache-c\u0153ur post-operatoire EMBODY\" \/>\n<meta property=\"og:description\" content=\"Le cache-c\u0153ur Embody est prescrit suite \u00e0 Lifting ou une liposuccion des bras et des avant-bras. Il limite les \u0153d\u00e8mes ou les gonflements.\" \/>\n<meta property=\"og:url\" content=\"https:\/\/www.soome.be\/en\/products\/womens-post-op-bras-2\/post-op-wrap-bra-2\/\" \/>\n<meta property=\"og:site_name\" content=\"SooMe\" \/>\n<meta property=\"article:modified_time\" content=\"2026-04-22T13:14:59+00:00\" \/>\n<meta property=\"og:image\" content=\"https:\/\/www.soome.be\/wp-content\/uploads\/2023\/06\/products-cache-coeur-1.jpg\" \/>\n\t<meta property=\"og:image:width\" content=\"950\" \/>\n\t<meta property=\"og:image:height\" content=\"1424\" \/>\n\t<meta property=\"og:image:type\" content=\"image\/jpeg\" \/>\n<meta name=\"twitter:card\" content=\"summary_large_image\" \/>\n<meta name=\"twitter:label1\" content=\"Estimated reading time\" \/>\n\t<meta name=\"twitter:data1\" content=\"1 minute\" \/>\n<script type=\"application\/ld+json\" class=\"yoast-schema-graph\">{\"@context\":\"https:\\\/\\\/schema.org\",\"@graph\":[{\"@type\":\"WebPage\",\"@id\":\"https:\\\/\\\/www.soome.be\\\/produits\\\/brassieres-post-operatoires-femme\\\/cache-coeur-postoperatoire-2\\\/\",\"url\":\"https:\\\/\\\/www.soome.be\\\/produits\\\/brassieres-post-operatoires-femme\\\/cache-coeur-postoperatoire-2\\\/\",\"name\":\"Cache-c\u0153ur post-operatoire EMBODY\",\"isPartOf\":{\"@id\":\"https:\\\/\\\/www.soome.be\\\/#website\"},\"primaryImageOfPage\":{\"@id\":\"https:\\\/\\\/www.soome.be\\\/produits\\\/brassieres-post-operatoires-femme\\\/cache-coeur-postoperatoire-2\\\/#primaryimage\"},\"image\":{\"@id\":\"https:\\\/\\\/www.soome.be\\\/produits\\\/brassieres-post-operatoires-femme\\\/cache-coeur-postoperatoire-2\\\/#primaryimage\"},\"thumbnailUrl\":\"https:\\\/\\\/www.soome.be\\\/wp-content\\\/uploads\\\/2023\\\/06\\\/products-cache-coeur-1.jpg\",\"datePublished\":\"2023-06-01T16:53:36+00:00\",\"dateModified\":\"2026-04-22T13:14:59+00:00\",\"description\":\"Le cache-c\u0153ur Embody est prescrit suite \u00e0 Lifting ou une liposuccion des bras et des avant-bras. Il limite les \u0153d\u00e8mes ou les gonflements.\",\"breadcrumb\":{\"@id\":\"https:\\\/\\\/www.soome.be\\\/produits\\\/brassieres-post-operatoires-femme\\\/cache-coeur-postoperatoire-2\\\/#breadcrumb\"},\"inLanguage\":\"en-GB\",\"potentialAction\":[{\"@type\":\"ReadAction\",\"target\":[\"https:\\\/\\\/www.soome.be\\\/produits\\\/brassieres-post-operatoires-femme\\\/cache-coeur-postoperatoire-2\\\/\"]}]},{\"@type\":\"ImageObject\",\"inLanguage\":\"en-GB\",\"@id\":\"https:\\\/\\\/www.soome.be\\\/produits\\\/brassieres-post-operatoires-femme\\\/cache-coeur-postoperatoire-2\\\/#primaryimage\",\"url\":\"https:\\\/\\\/www.soome.be\\\/wp-content\\\/uploads\\\/2023\\\/06\\\/products-cache-coeur-1.jpg\",\"contentUrl\":\"https:\\\/\\\/www.soome.be\\\/wp-content\\\/uploads\\\/2023\\\/06\\\/products-cache-coeur-1.jpg\",\"width\":950,\"height\":1424,\"caption\":\"CACHE C\u0152UR POST OP\u00c9RATOIRE Embody\"},{\"@type\":\"BreadcrumbList\",\"@id\":\"https:\\\/\\\/www.soome.be\\\/produits\\\/brassieres-post-operatoires-femme\\\/cache-coeur-postoperatoire-2\\\/#breadcrumb\",\"itemListElement\":[{\"@type\":\"ListItem\",\"position\":1,\"name\":\"Accueil\",\"item\":\"https:\\\/\\\/www.soome.be\\\/\"},{\"@type\":\"ListItem\",\"position\":2,\"name\":\"PRODUITS\",\"item\":\"https:\\\/\\\/www.soome.be\\\/produits\\\/\"},{\"@type\":\"ListItem\",\"position\":3,\"name\":\"Cache c\u0153ur postop\u00e9ratoire\"}]},{\"@type\":\"WebSite\",\"@id\":\"https:\\\/\\\/www.soome.be\\\/#website\",\"url\":\"https:\\\/\\\/www.soome.be\\\/\",\"name\":\"SooMe\",\"description\":\"\",\"potentialAction\":[{\"@type\":\"SearchAction\",\"target\":{\"@type\":\"EntryPoint\",\"urlTemplate\":\"https:\\\/\\\/www.soome.be\\\/?s={search_term_string}\"},\"query-input\":{\"@type\":\"PropertyValueSpecification\",\"valueRequired\":true,\"valueName\":\"search_term_string\"}}],\"inLanguage\":\"en-GB\"}]}<\/script>\n<!-- \/ Yoast SEO plugin. -->","yoast_head_json":{"title":"EMBODY post-operative heart cover","description":"The Embody cover is prescribed following a facelift or liposuction of the arms and forearms. It limits oedema or swelling.","robots":{"index":"index","follow":"follow","max-snippet":"max-snippet:-1","max-image-preview":"max-image-preview:large","max-video-preview":"max-video-preview:-1"},"canonical":"https:\/\/www.soome.be\/en\/products\/womens-post-op-bras-2\/post-op-wrap-bra-2\/","og_locale":"en_GB","og_type":"article","og_title":"Cache-c\u0153ur post-operatoire EMBODY","og_description":"Le cache-c\u0153ur Embody est prescrit suite \u00e0 Lifting ou une liposuccion des bras et des avant-bras. Il limite les \u0153d\u00e8mes ou les gonflements.","og_url":"https:\/\/www.soome.be\/en\/products\/womens-post-op-bras-2\/post-op-wrap-bra-2\/","og_site_name":"SooMe","article_modified_time":"2026-04-22T13:14:59+00:00","og_image":[{"width":950,"height":1424,"url":"https:\/\/www.soome.be\/wp-content\/uploads\/2023\/06\/products-cache-coeur-1.jpg","type":"image\/jpeg"}],"twitter_card":"summary_large_image","twitter_misc":{"Estimated reading time":"1 minute"},"schema":{"@context":"https:\/\/schema.org","@graph":[{"@type":"WebPage","@id":"https:\/\/www.soome.be\/produits\/brassieres-post-operatoires-femme\/cache-coeur-postoperatoire-2\/","url":"https:\/\/www.soome.be\/produits\/brassieres-post-operatoires-femme\/cache-coeur-postoperatoire-2\/","name":"EMBODY post-operative heart cover","isPartOf":{"@id":"https:\/\/www.soome.be\/#website"},"primaryImageOfPage":{"@id":"https:\/\/www.soome.be\/produits\/brassieres-post-operatoires-femme\/cache-coeur-postoperatoire-2\/#primaryimage"},"image":{"@id":"https:\/\/www.soome.be\/produits\/brassieres-post-operatoires-femme\/cache-coeur-postoperatoire-2\/#primaryimage"},"thumbnailUrl":"https:\/\/www.soome.be\/wp-content\/uploads\/2023\/06\/products-cache-coeur-1.jpg","datePublished":"2023-06-01T16:53:36+00:00","dateModified":"2026-04-22T13:14:59+00:00","description":"The Embody cover is prescribed following a facelift or liposuction of the arms and forearms. It limits oedema or swelling.","breadcrumb":{"@id":"https:\/\/www.soome.be\/produits\/brassieres-post-operatoires-femme\/cache-coeur-postoperatoire-2\/#breadcrumb"},"inLanguage":"en-GB","potentialAction":[{"@type":"ReadAction","target":["https:\/\/www.soome.be\/produits\/brassieres-post-operatoires-femme\/cache-coeur-postoperatoire-2\/"]}]},{"@type":"ImageObject","inLanguage":"en-GB","@id":"https:\/\/www.soome.be\/produits\/brassieres-post-operatoires-femme\/cache-coeur-postoperatoire-2\/#primaryimage","url":"https:\/\/www.soome.be\/wp-content\/uploads\/2023\/06\/products-cache-coeur-1.jpg","contentUrl":"https:\/\/www.soome.be\/wp-content\/uploads\/2023\/06\/products-cache-coeur-1.jpg","width":950,"height":1424,"caption":"CACHE C\u0152UR POST OP\u00c9RATOIRE Embody"},{"@type":"BreadcrumbList","@id":"https:\/\/www.soome.be\/produits\/brassieres-post-operatoires-femme\/cache-coeur-postoperatoire-2\/#breadcrumb","itemListElement":[{"@type":"ListItem","position":1,"name":"Accueil","item":"https:\/\/www.soome.be\/"},{"@type":"ListItem","position":2,"name":"PRODUITS","item":"https:\/\/www.soome.be\/produits\/"},{"@type":"ListItem","position":3,"name":"Cache c\u0153ur postop\u00e9ratoire"}]},{"@type":"WebSite","@id":"https:\/\/www.soome.be\/#website","url":"https:\/\/www.soome.be\/","name":"SooMe","description":"","potentialAction":[{"@type":"SearchAction","target":{"@type":"EntryPoint","urlTemplate":"https:\/\/www.soome.be\/?s={search_term_string}"},"query-input":{"@type":"PropertyValueSpecification","valueRequired":true,"valueName":"search_term_string"}}],"inLanguage":"en-GB"}]}},"_links":{"self":[{"href":"https:\/\/www.soome.be\/en\/wp-json\/wp\/v2\/product\/6909","targetHints":{"allow":["GET"]}}],"collection":[{"href":"https:\/\/www.soome.be\/en\/wp-json\/wp\/v2\/product"}],"about":[{"href":"https:\/\/www.soome.be\/en\/wp-json\/wp\/v2\/types\/product"}],"replies":[{"embeddable":true,"href":"https:\/\/www.soome.be\/en\/wp-json\/wp\/v2\/comments?post=6909"}],"wp:featuredmedia":[{"embeddable":true,"href":"https:\/\/www.soome.be\/en\/wp-json\/wp\/v2\/media\/6917"}],"wp:attachment":[{"href":"https:\/\/www.soome.be\/en\/wp-json\/wp\/v2\/media?parent=6909"}],"wp:term":[{"taxonomy":"product_brand","embeddable":true,"href":"https:\/\/www.soome.be\/en\/wp-json\/wp\/v2\/product_brand?post=6909"},{"taxonomy":"product_cat","embeddable":true,"href":"https:\/\/www.soome.be\/en\/wp-json\/wp\/v2\/product_cat?post=6909"},{"taxonomy":"product_tag","embeddable":true,"href":"https:\/\/www.soome.be\/en\/wp-json\/wp\/v2\/product_tag?post=6909"},{"taxonomy":"berocket_brand","embeddable":true,"href":"https:\/\/www.soome.be\/en\/wp-json\/wp\/v2\/berocket_brand?post=6909"}],"curies":[{"name":"wp","href":"https:\/\/api.w.org\/{rel}","templated":true}]}}