{"id":6923,"date":"2023-06-01T18:53:38","date_gmt":"2023-06-01T16:53:38","guid":{"rendered":"https:\/\/www.soome.be\/?post_type=product&#038;p=6923"},"modified":"2026-04-22T15:15:04","modified_gmt":"2026-04-22T13:15:04","slug":"shorty","status":"publish","type":"product","link":"https:\/\/www.soome.be\/en\/produits\/ceintures-abdominales-post-operatoires-homme\/shorty\/","title":{"rendered":"Shorty"},"content":{"rendered":"<p style=\"font-weight: 400;\"><strong>DESCRIPTION:<\/p>\n<p><\/strong>Un confort incomparable ! Le tissu d\u00e9velopp\u00e9 pour le Shorty post-op\u00e9ratoire Embody offre une contention efficace, qui ne comprime pas.<\/p>\n<p>\u00c0 l\u2019entrejambe, un empi\u00e8cement en tissu tr\u00e8s fin a \u00e9galement \u00e9t\u00e9 pens\u00e9 afin de garantir le bien-\u00eatre intime de l\u2019homme.<\/p>\n<p>La tenue du shorty est assur\u00e9e par une douce bande de renfort \u00e9lastique sous poitrine : il reste en place en toutes circonstances !<\/p>\n<p>La fermeture \u00ab easy clip \u00bb situ\u00e9e sur le c\u00f4t\u00e9 offre une grande ergonomie et multiples possibilit\u00e9s de r\u00e9glages.<\/p>\n<p style=\"font-weight: 400;\"><strong>CHARACTERISTICS :<\/p>\n<p><\/strong>Patented model &amp; technology. Medical device class 1 \u2013 CE<\/p>\n<p>\u2013 Adjustable side easy clip closure with foam reinforcement<\/p>\n<p>- Thermobonded finishes<\/p>\n<p>- Smooth appearance (fine grain) avoids scarring and promotes healing<\/p>\n<p>- Armpit comfort yoke<\/p>\n<p>- Under chest cut<\/p>\n<p style=\"font-weight: 400;\"><strong>FABRIC :<\/strong><\/p>\n<p>\u2013 Lightweight, breathable warp &amp; weft fabric<\/p>\n<p style=\"font-weight: 400;\"><strong>MAINTENANCE :<\/strong><\/p>\n<p>Cleaning 30\u00b0C water + soap<\/p>\n<p>no dryer<\/p>\n<p><strong>COLOR :<\/strong><span style=\"font-weight: 400;\">\u00a0black<\/span><\/p>\n<p><strong>SIZE GUIDE:<\/p>\n<p><img fetchpriority=\"high\" decoding=\"async\" class=\"alignnone wp-image-41895\" src=\"https:\/\/www.abricot-compression.com\/wp-content\/uploads\/2022\/11\/guide-tailles-gilet-shorty-homme-embody-300x215.png\" alt=\"\" width=\"900\" height=\"644\" \/><\/p>\n<p><\/strong><\/p>","protected":false},"excerpt":{"rendered":"<p>immediate post-operative<\/p>\n<p>Correction de la gyn\u00e9comastie, liposuccion du ventre, hanches et bas du dos<\/p>\n<p><strong>Color : Black<\/strong><\/p>","protected":false},"featured_media":6930,"comment_status":"open","ping_status":"closed","template":"","meta":[],"product_brand":[],"product_cat":[74],"product_tag":[],"berocket_brand":[436],"class_list":{"0":"post-6923","1":"product","2":"type-product","3":"status-publish","4":"has-post-thumbnail","6":"product_cat-ceintures-abdominales-post-operatoires-homme","7":"pa_eg_html5_ratio-0-4","8":"pa_eg_soundcloud_ratio-0-5","9":"pa_eg_wistia_ratio-0-3","10":"pa_eg_youtube_ratio-0-2","11":"pa_fb_product_group_id-166","12":"pa_fb_visibility-117","13":"pa_product_brand-embody-2","14":"pa_tailles-l-2","15":"pa_tailles-m-2","16":"pa_tailles-s-2","17":"pa_tailles-xl-2","18":"pa_tailles-xs-2","19":"pa_tailles-xxl-2","20":"pa_thp_upsellpopup_template-template-default","21":"pa_xfgmc_adult-off-2","22":"pa_xfgmc_condition-default","23":"pa_xfgmc_identifier_exists-off","24":"berocket_brand-embody","26":"first","27":"instock","28":"taxable","29":"shipping-taxable","30":"purchasable","31":"product-type-variable"},"yoast_head":"<!-- This site is optimized with the Yoast SEO plugin v27.4 - https:\/\/yoast.com\/product\/yoast-seo-wordpress\/ -->\n<title>Shorty EMBODY<\/title>\n<meta name=\"description\" content=\"Le Shorty post-op\u00e9ratoire Embody offre une contention efficace, qui ne comprime pas. \u00c0 l\u2019entrejambe, un empi\u00e8cement en tissu tr\u00e8s fin a \u00e9galement \u00e9t\u00e9 pens\u00e9 afin de garantir le bien-\u00eatre intime de l\u2019homme.\" \/>\n<meta name=\"robots\" content=\"index, follow, max-snippet:-1, max-image-preview:large, max-video-preview:-1\" \/>\n<link rel=\"canonical\" href=\"https:\/\/www.soome.be\/en\/products\/mens-post-op-abdominal-belts\/shorty\/\" \/>\n<meta property=\"og:locale\" content=\"en_GB\" \/>\n<meta property=\"og:type\" content=\"article\" \/>\n<meta property=\"og:title\" content=\"Shorty EMBODY\" \/>\n<meta property=\"og:description\" content=\"Le Shorty post-op\u00e9ratoire Embody offre une contention efficace, qui ne comprime pas. \u00c0 l\u2019entrejambe, un empi\u00e8cement en tissu tr\u00e8s fin a \u00e9galement \u00e9t\u00e9 pens\u00e9 afin de garantir le bien-\u00eatre intime de l\u2019homme.\" \/>\n<meta property=\"og:url\" content=\"https:\/\/www.soome.be\/en\/products\/mens-post-op-abdominal-belts\/shorty\/\" \/>\n<meta property=\"og:site_name\" content=\"SooMe\" \/>\n<meta property=\"article:modified_time\" content=\"2026-04-22T13:15:04+00:00\" \/>\n<meta property=\"og:image\" content=\"https:\/\/www.soome.be\/wp-content\/uploads\/2023\/06\/products-shorty-homme.jpg\" \/>\n\t<meta property=\"og:image:width\" content=\"475\" \/>\n\t<meta property=\"og:image:height\" content=\"712\" \/>\n\t<meta property=\"og:image:type\" content=\"image\/jpeg\" \/>\n<meta name=\"twitter:card\" content=\"summary_large_image\" \/>\n<meta name=\"twitter:label1\" content=\"Estimated reading time\" \/>\n\t<meta name=\"twitter:data1\" content=\"1 minute\" \/>\n<script type=\"application\/ld+json\" class=\"yoast-schema-graph\">{\"@context\":\"https:\\\/\\\/schema.org\",\"@graph\":[{\"@type\":\"WebPage\",\"@id\":\"https:\\\/\\\/www.soome.be\\\/produits\\\/ceintures-abdominales-post-operatoires-homme\\\/shorty\\\/\",\"url\":\"https:\\\/\\\/www.soome.be\\\/produits\\\/ceintures-abdominales-post-operatoires-homme\\\/shorty\\\/\",\"name\":\"Shorty EMBODY\",\"isPartOf\":{\"@id\":\"https:\\\/\\\/www.soome.be\\\/#website\"},\"primaryImageOfPage\":{\"@id\":\"https:\\\/\\\/www.soome.be\\\/produits\\\/ceintures-abdominales-post-operatoires-homme\\\/shorty\\\/#primaryimage\"},\"image\":{\"@id\":\"https:\\\/\\\/www.soome.be\\\/produits\\\/ceintures-abdominales-post-operatoires-homme\\\/shorty\\\/#primaryimage\"},\"thumbnailUrl\":\"https:\\\/\\\/www.soome.be\\\/wp-content\\\/uploads\\\/2023\\\/06\\\/products-shorty-homme.jpg\",\"datePublished\":\"2023-06-01T16:53:38+00:00\",\"dateModified\":\"2026-04-22T13:15:04+00:00\",\"description\":\"Le Shorty post-op\u00e9ratoire Embody offre une contention efficace, qui ne comprime pas. \u00c0 l\u2019entrejambe, un empi\u00e8cement en tissu tr\u00e8s fin a \u00e9galement \u00e9t\u00e9 pens\u00e9 afin de garantir le bien-\u00eatre intime de l\u2019homme.\",\"breadcrumb\":{\"@id\":\"https:\\\/\\\/www.soome.be\\\/produits\\\/ceintures-abdominales-post-operatoires-homme\\\/shorty\\\/#breadcrumb\"},\"inLanguage\":\"en-GB\",\"potentialAction\":[{\"@type\":\"ReadAction\",\"target\":[\"https:\\\/\\\/www.soome.be\\\/produits\\\/ceintures-abdominales-post-operatoires-homme\\\/shorty\\\/\"]}]},{\"@type\":\"ImageObject\",\"inLanguage\":\"en-GB\",\"@id\":\"https:\\\/\\\/www.soome.be\\\/produits\\\/ceintures-abdominales-post-operatoires-homme\\\/shorty\\\/#primaryimage\",\"url\":\"https:\\\/\\\/www.soome.be\\\/wp-content\\\/uploads\\\/2023\\\/06\\\/products-shorty-homme.jpg\",\"contentUrl\":\"https:\\\/\\\/www.soome.be\\\/wp-content\\\/uploads\\\/2023\\\/06\\\/products-shorty-homme.jpg\",\"width\":475,\"height\":712,\"caption\":\"Shorty Homme Embody\"},{\"@type\":\"BreadcrumbList\",\"@id\":\"https:\\\/\\\/www.soome.be\\\/produits\\\/ceintures-abdominales-post-operatoires-homme\\\/shorty\\\/#breadcrumb\",\"itemListElement\":[{\"@type\":\"ListItem\",\"position\":1,\"name\":\"Accueil\",\"item\":\"https:\\\/\\\/www.soome.be\\\/\"},{\"@type\":\"ListItem\",\"position\":2,\"name\":\"PRODUITS\",\"item\":\"https:\\\/\\\/www.soome.be\\\/produits\\\/\"},{\"@type\":\"ListItem\",\"position\":3,\"name\":\"Shorty\"}]},{\"@type\":\"WebSite\",\"@id\":\"https:\\\/\\\/www.soome.be\\\/#website\",\"url\":\"https:\\\/\\\/www.soome.be\\\/\",\"name\":\"SooMe\",\"description\":\"\",\"potentialAction\":[{\"@type\":\"SearchAction\",\"target\":{\"@type\":\"EntryPoint\",\"urlTemplate\":\"https:\\\/\\\/www.soome.be\\\/?s={search_term_string}\"},\"query-input\":{\"@type\":\"PropertyValueSpecification\",\"valueRequired\":true,\"valueName\":\"search_term_string\"}}],\"inLanguage\":\"en-GB\"}]}<\/script>\n<!-- \/ Yoast SEO plugin. -->","yoast_head_json":{"title":"EMBODY shorts","description":"The Embody Post-Operative Shorty provides effective compression without constricting. The crotch also has a very fine fabric insert to guarantee a man's intimate well-being.","robots":{"index":"index","follow":"follow","max-snippet":"max-snippet:-1","max-image-preview":"max-image-preview:large","max-video-preview":"max-video-preview:-1"},"canonical":"https:\/\/www.soome.be\/en\/products\/mens-post-op-abdominal-belts\/shorty\/","og_locale":"en_GB","og_type":"article","og_title":"Shorty EMBODY","og_description":"Le Shorty post-op\u00e9ratoire Embody offre une contention efficace, qui ne comprime pas. \u00c0 l\u2019entrejambe, un empi\u00e8cement en tissu tr\u00e8s fin a \u00e9galement \u00e9t\u00e9 pens\u00e9 afin de garantir le bien-\u00eatre intime de l\u2019homme.","og_url":"https:\/\/www.soome.be\/en\/products\/mens-post-op-abdominal-belts\/shorty\/","og_site_name":"SooMe","article_modified_time":"2026-04-22T13:15:04+00:00","og_image":[{"width":475,"height":712,"url":"https:\/\/www.soome.be\/wp-content\/uploads\/2023\/06\/products-shorty-homme.jpg","type":"image\/jpeg"}],"twitter_card":"summary_large_image","twitter_misc":{"Estimated reading time":"1 minute"},"schema":{"@context":"https:\/\/schema.org","@graph":[{"@type":"WebPage","@id":"https:\/\/www.soome.be\/produits\/ceintures-abdominales-post-operatoires-homme\/shorty\/","url":"https:\/\/www.soome.be\/produits\/ceintures-abdominales-post-operatoires-homme\/shorty\/","name":"EMBODY shorts","isPartOf":{"@id":"https:\/\/www.soome.be\/#website"},"primaryImageOfPage":{"@id":"https:\/\/www.soome.be\/produits\/ceintures-abdominales-post-operatoires-homme\/shorty\/#primaryimage"},"image":{"@id":"https:\/\/www.soome.be\/produits\/ceintures-abdominales-post-operatoires-homme\/shorty\/#primaryimage"},"thumbnailUrl":"https:\/\/www.soome.be\/wp-content\/uploads\/2023\/06\/products-shorty-homme.jpg","datePublished":"2023-06-01T16:53:38+00:00","dateModified":"2026-04-22T13:15:04+00:00","description":"The Embody Post-Operative Shorty provides effective compression without constricting. The crotch also has a very fine fabric insert to guarantee a man's intimate well-being.","breadcrumb":{"@id":"https:\/\/www.soome.be\/produits\/ceintures-abdominales-post-operatoires-homme\/shorty\/#breadcrumb"},"inLanguage":"en-GB","potentialAction":[{"@type":"ReadAction","target":["https:\/\/www.soome.be\/produits\/ceintures-abdominales-post-operatoires-homme\/shorty\/"]}]},{"@type":"ImageObject","inLanguage":"en-GB","@id":"https:\/\/www.soome.be\/produits\/ceintures-abdominales-post-operatoires-homme\/shorty\/#primaryimage","url":"https:\/\/www.soome.be\/wp-content\/uploads\/2023\/06\/products-shorty-homme.jpg","contentUrl":"https:\/\/www.soome.be\/wp-content\/uploads\/2023\/06\/products-shorty-homme.jpg","width":475,"height":712,"caption":"Shorty Homme Embody"},{"@type":"BreadcrumbList","@id":"https:\/\/www.soome.be\/produits\/ceintures-abdominales-post-operatoires-homme\/shorty\/#breadcrumb","itemListElement":[{"@type":"ListItem","position":1,"name":"Accueil","item":"https:\/\/www.soome.be\/"},{"@type":"ListItem","position":2,"name":"PRODUITS","item":"https:\/\/www.soome.be\/produits\/"},{"@type":"ListItem","position":3,"name":"Shorty"}]},{"@type":"WebSite","@id":"https:\/\/www.soome.be\/#website","url":"https:\/\/www.soome.be\/","name":"SooMe","description":"","potentialAction":[{"@type":"SearchAction","target":{"@type":"EntryPoint","urlTemplate":"https:\/\/www.soome.be\/?s={search_term_string}"},"query-input":{"@type":"PropertyValueSpecification","valueRequired":true,"valueName":"search_term_string"}}],"inLanguage":"en-GB"}]}},"_links":{"self":[{"href":"https:\/\/www.soome.be\/en\/wp-json\/wp\/v2\/product\/6923","targetHints":{"allow":["GET"]}}],"collection":[{"href":"https:\/\/www.soome.be\/en\/wp-json\/wp\/v2\/product"}],"about":[{"href":"https:\/\/www.soome.be\/en\/wp-json\/wp\/v2\/types\/product"}],"replies":[{"embeddable":true,"href":"https:\/\/www.soome.be\/en\/wp-json\/wp\/v2\/comments?post=6923"}],"wp:featuredmedia":[{"embeddable":true,"href":"https:\/\/www.soome.be\/en\/wp-json\/wp\/v2\/media\/6930"}],"wp:attachment":[{"href":"https:\/\/www.soome.be\/en\/wp-json\/wp\/v2\/media?parent=6923"}],"wp:term":[{"taxonomy":"product_brand","embeddable":true,"href":"https:\/\/www.soome.be\/en\/wp-json\/wp\/v2\/product_brand?post=6923"},{"taxonomy":"product_cat","embeddable":true,"href":"https:\/\/www.soome.be\/en\/wp-json\/wp\/v2\/product_cat?post=6923"},{"taxonomy":"product_tag","embeddable":true,"href":"https:\/\/www.soome.be\/en\/wp-json\/wp\/v2\/product_tag?post=6923"},{"taxonomy":"berocket_brand","embeddable":true,"href":"https:\/\/www.soome.be\/en\/wp-json\/wp\/v2\/berocket_brand?post=6923"}],"curies":[{"name":"wp","href":"https:\/\/api.w.org\/{rel}","templated":true}]}}