{"id":7088,"date":"2023-06-01T18:57:21","date_gmt":"2023-06-01T16:57:21","guid":{"rendered":"https:\/\/www.soome.be\/?post_type=product&#038;p=7088"},"modified":"2026-04-22T15:15:21","modified_gmt":"2026-04-22T13:15:21","slug":"breast-stabilizer","status":"publish","type":"product","link":"https:\/\/www.soome.be\/en\/produits\/soutiens-gorge\/soutiens-gorge-post-operatoires-femme\/contenseur-mammaire\/","title":{"rendered":"Breast compressor"},"content":{"rendered":"<p class=\"p1\">The Cerecare Mammary Compression Bra is indicated for the compression of post-operative oedema following breast augmentation.<\/p>\n<p>The hook-and-loop band is positioned on the top of the breast to provide targeted restraint in this area.<\/p>\n<p>Do not use on open wound.<\/p>\n<p>The Breast Protector is applied on a protected wound just after the operation to ensure its effectiveness.<\/p>\n<p>The first installation must be carried out by a health professional in order to control the proper positioning of the garment, without risk for the patient.<\/p>\n<p class=\"p1\"><strong>NOTE:<\/strong><\/p>\n<ul>\n<li class=\"p1\">indicated for postoperative edema compression following breast augmentation.<\/li>\n<\/ul>\n<p class=\"p1\"><strong>MAINTENANCE :<span class=\"Apple-converted-space\">\u00a0<\/span><\/strong><\/p>\n<ul class=\"ul1\">\n<li class=\"li1\">Cleaning 30\u00b0C water + soap \/ rinse without softener<\/li>\n<li class=\"li1\">Flat drying \u2013 no dryer<\/li>\n<\/ul>\n<p>&nbsp;<\/p>\n<p><img fetchpriority=\"high\" decoding=\"async\" class=\"alignnone wp-image-42640\" src=\"https:\/\/www.abricot-compression.com\/wp-content\/uploads\/2023\/01\/Capture-de\u0301cran-2023-01-27-a\u0300-10.40.06.png\" alt=\"\" width=\"561\" height=\"607\" \/><\/p>\n<p>&nbsp;<\/p>","protected":false},"excerpt":{"rendered":"<p class=\"p1\"><strong>DESCRIPTION:<\/strong><\/p>\n<ul class=\"ul1\">\n<li class=\"li1\">Post-operative bras, in their shapes and materials, are specially designed to ensure comfort during the recovery phase.<\/li>\n<li class=\"li1\">They also allow to exercise a compression, without crushing the breast, and an important support of the chest. By avoiding breast mobility, healing and recovery will be faster.<\/li>\n<\/ul>","protected":false},"featured_media":7107,"comment_status":"open","ping_status":"open","template":"","meta":[],"product_brand":[],"product_cat":[69],"product_tag":[56,253,254,255],"berocket_brand":[428],"class_list":{"0":"post-7088","1":"product","2":"type-product","3":"status-publish","4":"has-post-thumbnail","6":"product_cat-soutiens-gorge-post-operatoires-femme","7":"product_tag-soutien-gorge","8":"product_tag-soutien-gorge-de-compression","9":"product_tag-soutien-gorge-de-contention","10":"product_tag-soutien-gorge-post-operatoire","11":"pa_couleur-blanc","12":"pa_couleur-noir","13":"pa_product_brand-cerecare","14":"pa_taille-taille-0","15":"pa_taille-taille-1","16":"pa_taille-taille-2","17":"pa_taille-taille-3","18":"pa_taille-taille-4","19":"pa_taille-taille-5","20":"pa_taille-taille-6","21":"pa_taille-taille-7","22":"pa_taille-taille-8","23":"pa_thp_upsellpopup_template-template-default","24":"pa_xfgmc_adult-off-2","25":"pa_xfgmc_condition-default","26":"pa_xfgmc_identifier_exists-off","27":"berocket_brand-cerecare","29":"first","30":"instock","31":"taxable","32":"shipping-taxable","33":"purchasable","34":"product-type-variable"},"yoast_head":"<!-- This site is optimized with the Yoast SEO plugin v27.4 - https:\/\/yoast.com\/product\/yoast-seo-wordpress\/ -->\n<title>Contenseur mammaire - Cerecare<\/title>\n<meta name=\"description\" content=\"Le contenseur mammaire - Cerecare est indiqu\u00e9 pour la contention de l&#039;\u0153d\u00e8me post-op\u00e9ratoire suite \u00e0 une augmentation mammaire.\" \/>\n<meta name=\"robots\" content=\"index, follow, max-snippet:-1, max-image-preview:large, max-video-preview:-1\" \/>\n<link rel=\"canonical\" href=\"https:\/\/www.soome.be\/en\/products\/bras\/womens-post-op-bras\/breast-stabilizer\/\" \/>\n<meta property=\"og:locale\" content=\"en_GB\" \/>\n<meta property=\"og:type\" content=\"article\" \/>\n<meta property=\"og:title\" content=\"Contenseur mammaire - Cerecare\" \/>\n<meta property=\"og:description\" content=\"Le contenseur mammaire - Cerecare est indiqu\u00e9 pour la contention de l&#039;\u0153d\u00e8me post-op\u00e9ratoire suite \u00e0 une augmentation mammaire.\" \/>\n<meta property=\"og:url\" content=\"https:\/\/www.soome.be\/en\/products\/bras\/womens-post-op-bras\/breast-stabilizer\/\" \/>\n<meta property=\"og:site_name\" content=\"SooMe\" \/>\n<meta property=\"article:modified_time\" content=\"2026-04-22T13:15:21+00:00\" \/>\n<meta property=\"og:image\" content=\"https:\/\/www.soome.be\/wp-content\/uploads\/2023\/06\/products-simple-contenseur-1.png\" \/>\n\t<meta property=\"og:image:width\" content=\"636\" \/>\n\t<meta property=\"og:image:height\" content=\"900\" \/>\n\t<meta property=\"og:image:type\" content=\"image\/jpeg\" \/>\n<meta name=\"twitter:card\" content=\"summary_large_image\" \/>\n<meta name=\"twitter:label1\" content=\"Estimated reading time\" \/>\n\t<meta name=\"twitter:data1\" content=\"1 minute\" \/>\n<script type=\"application\/ld+json\" class=\"yoast-schema-graph\">{\"@context\":\"https:\\\/\\\/schema.org\",\"@graph\":[{\"@type\":\"WebPage\",\"@id\":\"https:\\\/\\\/www.soome.be\\\/produits\\\/soutiens-gorge\\\/soutiens-gorge-post-operatoires-femme\\\/contenseur-mammaire\\\/\",\"url\":\"https:\\\/\\\/www.soome.be\\\/produits\\\/soutiens-gorge\\\/soutiens-gorge-post-operatoires-femme\\\/contenseur-mammaire\\\/\",\"name\":\"Contenseur mammaire - Cerecare\",\"isPartOf\":{\"@id\":\"https:\\\/\\\/www.soome.be\\\/#website\"},\"primaryImageOfPage\":{\"@id\":\"https:\\\/\\\/www.soome.be\\\/produits\\\/soutiens-gorge\\\/soutiens-gorge-post-operatoires-femme\\\/contenseur-mammaire\\\/#primaryimage\"},\"image\":{\"@id\":\"https:\\\/\\\/www.soome.be\\\/produits\\\/soutiens-gorge\\\/soutiens-gorge-post-operatoires-femme\\\/contenseur-mammaire\\\/#primaryimage\"},\"thumbnailUrl\":\"https:\\\/\\\/www.soome.be\\\/wp-content\\\/uploads\\\/2023\\\/06\\\/products-simple-contenseur-1.png\",\"datePublished\":\"2023-06-01T16:57:21+00:00\",\"dateModified\":\"2026-04-22T13:15:21+00:00\",\"description\":\"Le contenseur mammaire - Cerecare est indiqu\u00e9 pour la contention de l'\u0153d\u00e8me post-op\u00e9ratoire suite \u00e0 une augmentation mammaire.\",\"breadcrumb\":{\"@id\":\"https:\\\/\\\/www.soome.be\\\/produits\\\/soutiens-gorge\\\/soutiens-gorge-post-operatoires-femme\\\/contenseur-mammaire\\\/#breadcrumb\"},\"inLanguage\":\"en-GB\",\"potentialAction\":[{\"@type\":\"ReadAction\",\"target\":[\"https:\\\/\\\/www.soome.be\\\/produits\\\/soutiens-gorge\\\/soutiens-gorge-post-operatoires-femme\\\/contenseur-mammaire\\\/\"]}]},{\"@type\":\"ImageObject\",\"inLanguage\":\"en-GB\",\"@id\":\"https:\\\/\\\/www.soome.be\\\/produits\\\/soutiens-gorge\\\/soutiens-gorge-post-operatoires-femme\\\/contenseur-mammaire\\\/#primaryimage\",\"url\":\"https:\\\/\\\/www.soome.be\\\/wp-content\\\/uploads\\\/2023\\\/06\\\/products-simple-contenseur-1.png\",\"contentUrl\":\"https:\\\/\\\/www.soome.be\\\/wp-content\\\/uploads\\\/2023\\\/06\\\/products-simple-contenseur-1.png\",\"width\":636,\"height\":900,\"caption\":\"CONTENSEUR MAMMAIRE Cerecare\"},{\"@type\":\"BreadcrumbList\",\"@id\":\"https:\\\/\\\/www.soome.be\\\/produits\\\/soutiens-gorge\\\/soutiens-gorge-post-operatoires-femme\\\/contenseur-mammaire\\\/#breadcrumb\",\"itemListElement\":[{\"@type\":\"ListItem\",\"position\":1,\"name\":\"Accueil\",\"item\":\"https:\\\/\\\/www.soome.be\\\/\"},{\"@type\":\"ListItem\",\"position\":2,\"name\":\"PRODUITS\",\"item\":\"https:\\\/\\\/www.soome.be\\\/produits\\\/\"},{\"@type\":\"ListItem\",\"position\":3,\"name\":\"Contenseur mammaire\"}]},{\"@type\":\"WebSite\",\"@id\":\"https:\\\/\\\/www.soome.be\\\/#website\",\"url\":\"https:\\\/\\\/www.soome.be\\\/\",\"name\":\"SooMe\",\"description\":\"\",\"potentialAction\":[{\"@type\":\"SearchAction\",\"target\":{\"@type\":\"EntryPoint\",\"urlTemplate\":\"https:\\\/\\\/www.soome.be\\\/?s={search_term_string}\"},\"query-input\":{\"@type\":\"PropertyValueSpecification\",\"valueRequired\":true,\"valueName\":\"search_term_string\"}}],\"inLanguage\":\"en-GB\"}]}<\/script>\n<!-- \/ Yoast SEO plugin. -->","yoast_head_json":{"title":"Breast brace - Cerecare","description":"The Cerecare breast compression device is indicated for compressing post-operative oedema following breast augmentation.","robots":{"index":"index","follow":"follow","max-snippet":"max-snippet:-1","max-image-preview":"max-image-preview:large","max-video-preview":"max-video-preview:-1"},"canonical":"https:\/\/www.soome.be\/en\/products\/bras\/womens-post-op-bras\/breast-stabilizer\/","og_locale":"en_GB","og_type":"article","og_title":"Contenseur mammaire - Cerecare","og_description":"Le contenseur mammaire - Cerecare est indiqu\u00e9 pour la contention de l'\u0153d\u00e8me post-op\u00e9ratoire suite \u00e0 une augmentation mammaire.","og_url":"https:\/\/www.soome.be\/en\/products\/bras\/womens-post-op-bras\/breast-stabilizer\/","og_site_name":"SooMe","article_modified_time":"2026-04-22T13:15:21+00:00","og_image":[{"width":636,"height":900,"url":"https:\/\/www.soome.be\/wp-content\/uploads\/2023\/06\/products-simple-contenseur-1.png","type":"image\/jpeg"}],"twitter_card":"summary_large_image","twitter_misc":{"Estimated reading time":"1 minute"},"schema":{"@context":"https:\/\/schema.org","@graph":[{"@type":"WebPage","@id":"https:\/\/www.soome.be\/produits\/soutiens-gorge\/soutiens-gorge-post-operatoires-femme\/contenseur-mammaire\/","url":"https:\/\/www.soome.be\/produits\/soutiens-gorge\/soutiens-gorge-post-operatoires-femme\/contenseur-mammaire\/","name":"Breast brace - Cerecare","isPartOf":{"@id":"https:\/\/www.soome.be\/#website"},"primaryImageOfPage":{"@id":"https:\/\/www.soome.be\/produits\/soutiens-gorge\/soutiens-gorge-post-operatoires-femme\/contenseur-mammaire\/#primaryimage"},"image":{"@id":"https:\/\/www.soome.be\/produits\/soutiens-gorge\/soutiens-gorge-post-operatoires-femme\/contenseur-mammaire\/#primaryimage"},"thumbnailUrl":"https:\/\/www.soome.be\/wp-content\/uploads\/2023\/06\/products-simple-contenseur-1.png","datePublished":"2023-06-01T16:57:21+00:00","dateModified":"2026-04-22T13:15:21+00:00","description":"The Cerecare breast compression device is indicated for compressing post-operative oedema following breast augmentation.","breadcrumb":{"@id":"https:\/\/www.soome.be\/produits\/soutiens-gorge\/soutiens-gorge-post-operatoires-femme\/contenseur-mammaire\/#breadcrumb"},"inLanguage":"en-GB","potentialAction":[{"@type":"ReadAction","target":["https:\/\/www.soome.be\/produits\/soutiens-gorge\/soutiens-gorge-post-operatoires-femme\/contenseur-mammaire\/"]}]},{"@type":"ImageObject","inLanguage":"en-GB","@id":"https:\/\/www.soome.be\/produits\/soutiens-gorge\/soutiens-gorge-post-operatoires-femme\/contenseur-mammaire\/#primaryimage","url":"https:\/\/www.soome.be\/wp-content\/uploads\/2023\/06\/products-simple-contenseur-1.png","contentUrl":"https:\/\/www.soome.be\/wp-content\/uploads\/2023\/06\/products-simple-contenseur-1.png","width":636,"height":900,"caption":"CONTENSEUR MAMMAIRE Cerecare"},{"@type":"BreadcrumbList","@id":"https:\/\/www.soome.be\/produits\/soutiens-gorge\/soutiens-gorge-post-operatoires-femme\/contenseur-mammaire\/#breadcrumb","itemListElement":[{"@type":"ListItem","position":1,"name":"Accueil","item":"https:\/\/www.soome.be\/"},{"@type":"ListItem","position":2,"name":"PRODUITS","item":"https:\/\/www.soome.be\/produits\/"},{"@type":"ListItem","position":3,"name":"Contenseur mammaire"}]},{"@type":"WebSite","@id":"https:\/\/www.soome.be\/#website","url":"https:\/\/www.soome.be\/","name":"SooMe","description":"","potentialAction":[{"@type":"SearchAction","target":{"@type":"EntryPoint","urlTemplate":"https:\/\/www.soome.be\/?s={search_term_string}"},"query-input":{"@type":"PropertyValueSpecification","valueRequired":true,"valueName":"search_term_string"}}],"inLanguage":"en-GB"}]}},"_links":{"self":[{"href":"https:\/\/www.soome.be\/en\/wp-json\/wp\/v2\/product\/7088","targetHints":{"allow":["GET"]}}],"collection":[{"href":"https:\/\/www.soome.be\/en\/wp-json\/wp\/v2\/product"}],"about":[{"href":"https:\/\/www.soome.be\/en\/wp-json\/wp\/v2\/types\/product"}],"replies":[{"embeddable":true,"href":"https:\/\/www.soome.be\/en\/wp-json\/wp\/v2\/comments?post=7088"}],"wp:featuredmedia":[{"embeddable":true,"href":"https:\/\/www.soome.be\/en\/wp-json\/wp\/v2\/media\/7107"}],"wp:attachment":[{"href":"https:\/\/www.soome.be\/en\/wp-json\/wp\/v2\/media?parent=7088"}],"wp:term":[{"taxonomy":"product_brand","embeddable":true,"href":"https:\/\/www.soome.be\/en\/wp-json\/wp\/v2\/product_brand?post=7088"},{"taxonomy":"product_cat","embeddable":true,"href":"https:\/\/www.soome.be\/en\/wp-json\/wp\/v2\/product_cat?post=7088"},{"taxonomy":"product_tag","embeddable":true,"href":"https:\/\/www.soome.be\/en\/wp-json\/wp\/v2\/product_tag?post=7088"},{"taxonomy":"berocket_brand","embeddable":true,"href":"https:\/\/www.soome.be\/en\/wp-json\/wp\/v2\/berocket_brand?post=7088"}],"curies":[{"name":"wp","href":"https:\/\/api.w.org\/{rel}","templated":true}]}}