{"id":7109,"date":"2023-06-01T18:57:28","date_gmt":"2023-06-01T16:57:28","guid":{"rendered":"https:\/\/www.soome.be\/?post_type=product&#038;p=7109"},"modified":"2026-04-22T15:15:25","modified_gmt":"2026-04-22T13:15:25","slug":"breast-stabilizer-band-s-013","status":"publish","type":"product","link":"https:\/\/www.soome.be\/en\/produits\/soutiens-gorge\/soutiens-gorge-post-operatoires-femme\/contenseur-mammaire-s-013\/","title":{"rendered":"Breast compressor S\/013"},"content":{"rendered":"<p class=\"p1\"><strong>NOTE:<\/strong><\/p>\n<ul class=\"ul1\">\n<li class=\"li1\">indicated for postoperative edema compression following breast augmentation.<\/li>\n<\/ul>\n<p class=\"p1\"><strong>DESCRIPTION:<span class=\"Apple-converted-space\">\u00a0<\/span><\/strong><\/p>\n<p class=\"p1\">The breast compressor is intended to prevent periprosthetic retractive fibrosis in the case of breast surgery with implant.<\/p>\n<p>For optimal efficiency, the application of the storyteller takes place just after the intervention. The duration of application depends on the medical prescription.<\/p>\n<p class=\"p2\"><strong>MAINTENANCE :<span class=\"Apple-converted-space\">\u00a0<\/span><\/strong><\/p>\n<ul class=\"ul1\">\n<li class=\"li1\">Machine wash up to 30\u00b0C with a soap-based detergent such as Marseille soap. Do not use a dryer<\/li>\n<\/ul>\n<p><img fetchpriority=\"high\" decoding=\"async\" class=\"alignnone wp-image-42663\" src=\"https:\/\/www.abricot-compression.com\/wp-content\/uploads\/2023\/01\/1_Tableau_contenseur_s013-1024x567-1.png\" alt=\"\" width=\"515\" height=\"285\" \/><\/p>","protected":false},"excerpt":{"rendered":"<p class=\"p1\">The Breast Protector is equipped with a widely adjustable velcro = compression band. It is extremely lightweight and offers optimal comfort and compression for breast augmentation.<\/p>\n<p>Medical Z aims to provide computed compression \u2013 The manufactured tissue brings you the expected results.<\/p>","protected":false},"featured_media":7134,"comment_status":"open","ping_status":"open","template":"","meta":[],"product_brand":[],"product_cat":[69],"product_tag":[56,253,254,255],"berocket_brand":[432],"class_list":{"0":"post-7109","1":"product","2":"type-product","3":"status-publish","4":"has-post-thumbnail","6":"product_cat-soutiens-gorge-post-operatoires-femme","7":"product_tag-soutien-gorge","8":"product_tag-soutien-gorge-de-compression","9":"product_tag-soutien-gorge-de-contention","10":"product_tag-soutien-gorge-post-operatoire","11":"pa_couleur-blanc","12":"pa_couleur-noir","13":"pa_product_brand-cerecare","14":"pa_taille-taille-0","15":"pa_taille-taille-00","16":"pa_taille-taille-1","17":"pa_taille-taille-2","18":"pa_taille-taille-3","19":"pa_taille-taille-4","20":"pa_taille-taille-5","21":"pa_taille-taille-6","22":"pa_thp_upsellpopup_template-template-default","23":"pa_xfgmc_adult-off-2","24":"pa_xfgmc_condition-default","25":"pa_xfgmc_identifier_exists-off","26":"berocket_brand-medical-z","28":"first","29":"instock","30":"taxable","31":"shipping-taxable","32":"purchasable","33":"product-type-variable"},"yoast_head":"<!-- This site is optimized with the Yoast SEO plugin v27.4 - https:\/\/yoast.com\/product\/yoast-seo-wordpress\/ -->\n<title>Contenseur mamaire - CerecareContenseur mamaire S\/013 - Medical Z<\/title>\n<meta name=\"description\" content=\"Le SIMPLE CONTENSEUR MAMMAIRE est indiqu\u00e9 pour la contention de l&#039;\u0153d\u00e8me post-op\u00e9ratoire suite \u00e0 une augmentation mammaire.\" \/>\n<meta name=\"robots\" content=\"index, follow, max-snippet:-1, max-image-preview:large, max-video-preview:-1\" \/>\n<link rel=\"canonical\" href=\"https:\/\/www.soome.be\/en\/products\/bras\/womens-post-op-bras\/breast-stabilizer-band-s-013\/\" \/>\n<meta property=\"og:locale\" content=\"en_GB\" \/>\n<meta property=\"og:type\" content=\"article\" \/>\n<meta property=\"og:title\" content=\"Contenseur mamaire - CerecareContenseur mamaire S\/013 - Medical Z\" \/>\n<meta property=\"og:description\" content=\"Le SIMPLE CONTENSEUR MAMMAIRE est indiqu\u00e9 pour la contention de l&#039;\u0153d\u00e8me post-op\u00e9ratoire suite \u00e0 une augmentation mammaire.\" \/>\n<meta property=\"og:url\" content=\"https:\/\/www.soome.be\/en\/products\/bras\/womens-post-op-bras\/breast-stabilizer-band-s-013\/\" \/>\n<meta property=\"og:site_name\" content=\"SooMe\" \/>\n<meta property=\"article:modified_time\" content=\"2026-04-22T13:15:25+00:00\" \/>\n<meta property=\"og:image\" content=\"https:\/\/www.soome.be\/wp-content\/uploads\/2023\/06\/products-S013-sans-tetons-3.png\" \/>\n\t<meta property=\"og:image:width\" content=\"770\" \/>\n\t<meta property=\"og:image:height\" content=\"582\" \/>\n\t<meta property=\"og:image:type\" content=\"image\/jpeg\" \/>\n<meta name=\"twitter:card\" content=\"summary_large_image\" \/>\n<script type=\"application\/ld+json\" class=\"yoast-schema-graph\">{\"@context\":\"https:\\\/\\\/schema.org\",\"@graph\":[{\"@type\":\"WebPage\",\"@id\":\"https:\\\/\\\/www.soome.be\\\/produits\\\/soutiens-gorge\\\/soutiens-gorge-post-operatoires-femme\\\/contenseur-mammaire-s-013\\\/\",\"url\":\"https:\\\/\\\/www.soome.be\\\/produits\\\/soutiens-gorge\\\/soutiens-gorge-post-operatoires-femme\\\/contenseur-mammaire-s-013\\\/\",\"name\":\"Contenseur mamaire - CerecareContenseur mamaire S\\\/013 - Medical Z\",\"isPartOf\":{\"@id\":\"https:\\\/\\\/www.soome.be\\\/#website\"},\"primaryImageOfPage\":{\"@id\":\"https:\\\/\\\/www.soome.be\\\/produits\\\/soutiens-gorge\\\/soutiens-gorge-post-operatoires-femme\\\/contenseur-mammaire-s-013\\\/#primaryimage\"},\"image\":{\"@id\":\"https:\\\/\\\/www.soome.be\\\/produits\\\/soutiens-gorge\\\/soutiens-gorge-post-operatoires-femme\\\/contenseur-mammaire-s-013\\\/#primaryimage\"},\"thumbnailUrl\":\"https:\\\/\\\/www.soome.be\\\/wp-content\\\/uploads\\\/2023\\\/06\\\/products-S013-sans-tetons-3.png\",\"datePublished\":\"2023-06-01T16:57:28+00:00\",\"dateModified\":\"2026-04-22T13:15:25+00:00\",\"description\":\"Le SIMPLE CONTENSEUR MAMMAIRE est indiqu\u00e9 pour la contention de l'\u0153d\u00e8me post-op\u00e9ratoire suite \u00e0 une augmentation mammaire.\",\"breadcrumb\":{\"@id\":\"https:\\\/\\\/www.soome.be\\\/produits\\\/soutiens-gorge\\\/soutiens-gorge-post-operatoires-femme\\\/contenseur-mammaire-s-013\\\/#breadcrumb\"},\"inLanguage\":\"en-GB\",\"potentialAction\":[{\"@type\":\"ReadAction\",\"target\":[\"https:\\\/\\\/www.soome.be\\\/produits\\\/soutiens-gorge\\\/soutiens-gorge-post-operatoires-femme\\\/contenseur-mammaire-s-013\\\/\"]}]},{\"@type\":\"ImageObject\",\"inLanguage\":\"en-GB\",\"@id\":\"https:\\\/\\\/www.soome.be\\\/produits\\\/soutiens-gorge\\\/soutiens-gorge-post-operatoires-femme\\\/contenseur-mammaire-s-013\\\/#primaryimage\",\"url\":\"https:\\\/\\\/www.soome.be\\\/wp-content\\\/uploads\\\/2023\\\/06\\\/products-S013-sans-tetons-3.png\",\"contentUrl\":\"https:\\\/\\\/www.soome.be\\\/wp-content\\\/uploads\\\/2023\\\/06\\\/products-S013-sans-tetons-3.png\",\"width\":770,\"height\":582,\"caption\":\"CONTENSEUR MAMMAIRE S\\\/013 Medical Z\"},{\"@type\":\"BreadcrumbList\",\"@id\":\"https:\\\/\\\/www.soome.be\\\/produits\\\/soutiens-gorge\\\/soutiens-gorge-post-operatoires-femme\\\/contenseur-mammaire-s-013\\\/#breadcrumb\",\"itemListElement\":[{\"@type\":\"ListItem\",\"position\":1,\"name\":\"Accueil\",\"item\":\"https:\\\/\\\/www.soome.be\\\/\"},{\"@type\":\"ListItem\",\"position\":2,\"name\":\"PRODUITS\",\"item\":\"https:\\\/\\\/www.soome.be\\\/produits\\\/\"},{\"@type\":\"ListItem\",\"position\":3,\"name\":\"Contenseur mammaire S\\\/013\"}]},{\"@type\":\"WebSite\",\"@id\":\"https:\\\/\\\/www.soome.be\\\/#website\",\"url\":\"https:\\\/\\\/www.soome.be\\\/\",\"name\":\"SooMe\",\"description\":\"\",\"potentialAction\":[{\"@type\":\"SearchAction\",\"target\":{\"@type\":\"EntryPoint\",\"urlTemplate\":\"https:\\\/\\\/www.soome.be\\\/?s={search_term_string}\"},\"query-input\":{\"@type\":\"PropertyValueSpecification\",\"valueRequired\":true,\"valueName\":\"search_term_string\"}}],\"inLanguage\":\"en-GB\"}]}<\/script>\n<!-- \/ Yoast SEO plugin. -->","yoast_head_json":{"title":"Mammary restraint - CerecareMammary restraint S\/013 - Medical Z","description":"The SIMPLE MAMMAIRE CONTENSION is indicated for compression of post-operative oedema following breast augmentation.","robots":{"index":"index","follow":"follow","max-snippet":"max-snippet:-1","max-image-preview":"max-image-preview:large","max-video-preview":"max-video-preview:-1"},"canonical":"https:\/\/www.soome.be\/en\/products\/bras\/womens-post-op-bras\/breast-stabilizer-band-s-013\/","og_locale":"en_GB","og_type":"article","og_title":"Contenseur mamaire - CerecareContenseur mamaire S\/013 - Medical Z","og_description":"Le SIMPLE CONTENSEUR MAMMAIRE est indiqu\u00e9 pour la contention de l'\u0153d\u00e8me post-op\u00e9ratoire suite \u00e0 une augmentation mammaire.","og_url":"https:\/\/www.soome.be\/en\/products\/bras\/womens-post-op-bras\/breast-stabilizer-band-s-013\/","og_site_name":"SooMe","article_modified_time":"2026-04-22T13:15:25+00:00","og_image":[{"width":770,"height":582,"url":"https:\/\/www.soome.be\/wp-content\/uploads\/2023\/06\/products-S013-sans-tetons-3.png","type":"image\/jpeg"}],"twitter_card":"summary_large_image","schema":{"@context":"https:\/\/schema.org","@graph":[{"@type":"WebPage","@id":"https:\/\/www.soome.be\/produits\/soutiens-gorge\/soutiens-gorge-post-operatoires-femme\/contenseur-mammaire-s-013\/","url":"https:\/\/www.soome.be\/produits\/soutiens-gorge\/soutiens-gorge-post-operatoires-femme\/contenseur-mammaire-s-013\/","name":"Mammary restraint - CerecareMammary restraint S\/013 - Medical Z","isPartOf":{"@id":"https:\/\/www.soome.be\/#website"},"primaryImageOfPage":{"@id":"https:\/\/www.soome.be\/produits\/soutiens-gorge\/soutiens-gorge-post-operatoires-femme\/contenseur-mammaire-s-013\/#primaryimage"},"image":{"@id":"https:\/\/www.soome.be\/produits\/soutiens-gorge\/soutiens-gorge-post-operatoires-femme\/contenseur-mammaire-s-013\/#primaryimage"},"thumbnailUrl":"https:\/\/www.soome.be\/wp-content\/uploads\/2023\/06\/products-S013-sans-tetons-3.png","datePublished":"2023-06-01T16:57:28+00:00","dateModified":"2026-04-22T13:15:25+00:00","description":"The SIMPLE MAMMAIRE CONTENSION is indicated for compression of post-operative oedema following breast augmentation.","breadcrumb":{"@id":"https:\/\/www.soome.be\/produits\/soutiens-gorge\/soutiens-gorge-post-operatoires-femme\/contenseur-mammaire-s-013\/#breadcrumb"},"inLanguage":"en-GB","potentialAction":[{"@type":"ReadAction","target":["https:\/\/www.soome.be\/produits\/soutiens-gorge\/soutiens-gorge-post-operatoires-femme\/contenseur-mammaire-s-013\/"]}]},{"@type":"ImageObject","inLanguage":"en-GB","@id":"https:\/\/www.soome.be\/produits\/soutiens-gorge\/soutiens-gorge-post-operatoires-femme\/contenseur-mammaire-s-013\/#primaryimage","url":"https:\/\/www.soome.be\/wp-content\/uploads\/2023\/06\/products-S013-sans-tetons-3.png","contentUrl":"https:\/\/www.soome.be\/wp-content\/uploads\/2023\/06\/products-S013-sans-tetons-3.png","width":770,"height":582,"caption":"CONTENSEUR MAMMAIRE S\/013 Medical Z"},{"@type":"BreadcrumbList","@id":"https:\/\/www.soome.be\/produits\/soutiens-gorge\/soutiens-gorge-post-operatoires-femme\/contenseur-mammaire-s-013\/#breadcrumb","itemListElement":[{"@type":"ListItem","position":1,"name":"Accueil","item":"https:\/\/www.soome.be\/"},{"@type":"ListItem","position":2,"name":"PRODUITS","item":"https:\/\/www.soome.be\/produits\/"},{"@type":"ListItem","position":3,"name":"Contenseur mammaire S\/013"}]},{"@type":"WebSite","@id":"https:\/\/www.soome.be\/#website","url":"https:\/\/www.soome.be\/","name":"SooMe","description":"","potentialAction":[{"@type":"SearchAction","target":{"@type":"EntryPoint","urlTemplate":"https:\/\/www.soome.be\/?s={search_term_string}"},"query-input":{"@type":"PropertyValueSpecification","valueRequired":true,"valueName":"search_term_string"}}],"inLanguage":"en-GB"}]}},"_links":{"self":[{"href":"https:\/\/www.soome.be\/en\/wp-json\/wp\/v2\/product\/7109","targetHints":{"allow":["GET"]}}],"collection":[{"href":"https:\/\/www.soome.be\/en\/wp-json\/wp\/v2\/product"}],"about":[{"href":"https:\/\/www.soome.be\/en\/wp-json\/wp\/v2\/types\/product"}],"replies":[{"embeddable":true,"href":"https:\/\/www.soome.be\/en\/wp-json\/wp\/v2\/comments?post=7109"}],"wp:featuredmedia":[{"embeddable":true,"href":"https:\/\/www.soome.be\/en\/wp-json\/wp\/v2\/media\/7134"}],"wp:attachment":[{"href":"https:\/\/www.soome.be\/en\/wp-json\/wp\/v2\/media?parent=7109"}],"wp:term":[{"taxonomy":"product_brand","embeddable":true,"href":"https:\/\/www.soome.be\/en\/wp-json\/wp\/v2\/product_brand?post=7109"},{"taxonomy":"product_cat","embeddable":true,"href":"https:\/\/www.soome.be\/en\/wp-json\/wp\/v2\/product_cat?post=7109"},{"taxonomy":"product_tag","embeddable":true,"href":"https:\/\/www.soome.be\/en\/wp-json\/wp\/v2\/product_tag?post=7109"},{"taxonomy":"berocket_brand","embeddable":true,"href":"https:\/\/www.soome.be\/en\/wp-json\/wp\/v2\/berocket_brand?post=7109"}],"curies":[{"name":"wp","href":"https:\/\/api.w.org\/{rel}","templated":true}]}}