{"id":7163,"date":"2024-01-17T11:03:21","date_gmt":"2024-01-17T10:03:21","guid":{"rendered":"https:\/\/www.soome.be\/?post_type=product&#038;p=7163"},"modified":"2026-04-22T15:15:33","modified_gmt":"2026-04-22T13:15:33","slug":"body-010-woman","status":"publish","type":"product","link":"https:\/\/www.soome.be\/en\/produits\/ceintures-abdominales-post-operatoires-femme\/body-010-femme\/","title":{"rendered":"Body 010 Women"},"content":{"rendered":"<p>The <strong>body 010 Cerecare<\/strong> provides essential and appropriate support during postoperative periods. Its upper part is crafted with microfiber cups, enhancing both the aesthetics and comfort of this outfit.<\/p>\n<p>The meticulously calculated and distributed compression rate ensures optimal support while preserving complete freedom of movement. The <strong>the straps are adjustable<\/strong>, and the <strong>the inseam is adjustable<\/strong> thanks to a triple clasp.<\/p>\n<p>To ensure optimal comfort, the seams are positioned on the outside, <strong>thus avoiding any marking on the skin.<\/strong><\/p>\n<p><strong>TISSUE :<\/strong><\/p>\n<p>\u2013 Premium fabric that minimises irritation. Thick and soft; highly resistant to friction and wear, easy to slip on, silky to the touch.<\/p>\n<p><strong>MAINTENANCE :<\/strong><\/p>\n<p>Cleaning 30\u00b0C water + soap<\/p>\n<p>no dryer<\/p>\n<p><strong>COLOR:<\/strong> white or black<\/p>\n<p><strong>SIZE GUIDE:<\/strong> :<\/p>\n<p><img fetchpriority=\"high\" decoding=\"async\" class=\"alignnone size-medium wp-image-9282\" src=\"https:\/\/www.soome.be\/wp-content\/uploads\/2024\/01\/IMG_3633-276x300.png\" alt=\"\" width=\"276\" height=\"300\" \/><\/p>","protected":false},"excerpt":{"rendered":"<p><strong>The body 010 woman<\/strong> is a <strong>compression garment<\/strong> used for the management of post-operative oedema following a <strong>liposuction<\/strong> of the belly and the hips.<\/p>\n<p>It prevents the phenomenon of \"waves\" and provides ease and mobility to the patient.<\/p>\n<p><strong>Colour: White, Black<\/strong><\/p>","protected":false},"featured_media":7182,"comment_status":"open","ping_status":"closed","template":"","meta":[],"product_brand":[],"product_cat":[87,70],"product_tag":[],"berocket_brand":[436],"class_list":{"0":"post-7163","1":"product","2":"type-product","3":"status-publish","4":"has-post-thumbnail","6":"product_cat-body-femme","7":"product_cat-ceintures-abdominales-post-operatoires-femme","8":"pa_couleur-blanc","9":"pa_couleur-noir","10":"pa_eg_html5_ratio-0-4","11":"pa_eg_soundcloud_ratio-0-5","12":"pa_eg_wistia_ratio-0-3","13":"pa_eg_youtube_ratio-0-2","14":"pa_fb_product_group_id-166","15":"pa_fb_visibility-117","16":"pa_product_brand-embody-2","17":"pa_tailles-t1-2","18":"pa_tailles-t2-2","19":"pa_tailles-t3-2","20":"pa_tailles-t4-2","21":"pa_tailles-t5-2","22":"pa_tailles-t6-2","23":"pa_thp_upsellpopup_template-template-default","24":"pa_xfgmc_adult-off-2","25":"pa_xfgmc_condition-default","26":"pa_xfgmc_identifier_exists-off","27":"berocket_brand-embody","29":"first","30":"instock","31":"featured","32":"taxable","33":"shipping-taxable","34":"purchasable","35":"product-type-variable"},"yoast_head":"<!-- This site is optimized with the Yoast SEO plugin v27.4 - https:\/\/yoast.com\/product\/yoast-seo-wordpress\/ -->\n<title>Body 010 Femme Cerecare - SooMe<\/title>\n<meta name=\"description\" content=\"Body 010 Femme est un v\u00eatement compressif utilis\u00e9 pour la contention de l&#039;\u0153d\u00e8me post-op\u00e9ratoire suite \u00e0 une liposuccion du ventre et des hanches.\" \/>\n<meta name=\"robots\" content=\"index, follow, max-snippet:-1, max-image-preview:large, max-video-preview:-1\" \/>\n<link rel=\"canonical\" href=\"https:\/\/www.soome.be\/en\/products\/womens-post-op-abdominal-belts\/body-010-woman\/\" \/>\n<meta property=\"og:locale\" content=\"en_GB\" \/>\n<meta property=\"og:type\" content=\"article\" \/>\n<meta property=\"og:title\" content=\"Body 010 Femme Cerecare - SooMe\" \/>\n<meta property=\"og:description\" content=\"Body 010 Femme est un v\u00eatement compressif utilis\u00e9 pour la contention de l&#039;\u0153d\u00e8me post-op\u00e9ratoire suite \u00e0 une liposuccion du ventre et des hanches.\" \/>\n<meta property=\"og:url\" content=\"https:\/\/www.soome.be\/en\/products\/womens-post-op-abdominal-belts\/body-010-woman\/\" \/>\n<meta property=\"og:site_name\" content=\"SooMe\" \/>\n<meta property=\"article:modified_time\" content=\"2026-04-22T13:15:33+00:00\" \/>\n<meta property=\"og:image\" content=\"https:\/\/www.soome.be\/wp-content\/uploads\/2024\/01\/products-IMG_3634.png\" \/>\n\t<meta property=\"og:image:width\" content=\"636\" \/>\n\t<meta property=\"og:image:height\" content=\"900\" \/>\n\t<meta property=\"og:image:type\" content=\"image\/jpeg\" \/>\n<meta name=\"twitter:card\" content=\"summary_large_image\" \/>\n<meta name=\"twitter:label1\" content=\"Estimated reading time\" \/>\n\t<meta name=\"twitter:data1\" content=\"1 minute\" \/>\n<script type=\"application\/ld+json\" class=\"yoast-schema-graph\">{\"@context\":\"https:\\\/\\\/schema.org\",\"@graph\":[{\"@type\":\"WebPage\",\"@id\":\"https:\\\/\\\/www.soome.be\\\/produits\\\/ceintures-abdominales-post-operatoires-femme\\\/body-010-femme\\\/\",\"url\":\"https:\\\/\\\/www.soome.be\\\/produits\\\/ceintures-abdominales-post-operatoires-femme\\\/body-010-femme\\\/\",\"name\":\"Body 010 Femme Cerecare - SooMe\",\"isPartOf\":{\"@id\":\"https:\\\/\\\/www.soome.be\\\/#website\"},\"primaryImageOfPage\":{\"@id\":\"https:\\\/\\\/www.soome.be\\\/produits\\\/ceintures-abdominales-post-operatoires-femme\\\/body-010-femme\\\/#primaryimage\"},\"image\":{\"@id\":\"https:\\\/\\\/www.soome.be\\\/produits\\\/ceintures-abdominales-post-operatoires-femme\\\/body-010-femme\\\/#primaryimage\"},\"thumbnailUrl\":\"https:\\\/\\\/www.soome.be\\\/wp-content\\\/uploads\\\/2024\\\/01\\\/products-IMG_3634.png\",\"datePublished\":\"2024-01-17T10:03:21+00:00\",\"dateModified\":\"2026-04-22T13:15:33+00:00\",\"description\":\"Body 010 Femme est un v\u00eatement compressif utilis\u00e9 pour la contention de l'\u0153d\u00e8me post-op\u00e9ratoire suite \u00e0 une liposuccion du ventre et des hanches.\",\"breadcrumb\":{\"@id\":\"https:\\\/\\\/www.soome.be\\\/produits\\\/ceintures-abdominales-post-operatoires-femme\\\/body-010-femme\\\/#breadcrumb\"},\"inLanguage\":\"en-GB\",\"potentialAction\":[{\"@type\":\"ReadAction\",\"target\":[\"https:\\\/\\\/www.soome.be\\\/produits\\\/ceintures-abdominales-post-operatoires-femme\\\/body-010-femme\\\/\"]}]},{\"@type\":\"ImageObject\",\"inLanguage\":\"en-GB\",\"@id\":\"https:\\\/\\\/www.soome.be\\\/produits\\\/ceintures-abdominales-post-operatoires-femme\\\/body-010-femme\\\/#primaryimage\",\"url\":\"https:\\\/\\\/www.soome.be\\\/wp-content\\\/uploads\\\/2024\\\/01\\\/products-IMG_3634.png\",\"contentUrl\":\"https:\\\/\\\/www.soome.be\\\/wp-content\\\/uploads\\\/2024\\\/01\\\/products-IMG_3634.png\",\"width\":636,\"height\":900,\"caption\":\"IMG_3634\"},{\"@type\":\"BreadcrumbList\",\"@id\":\"https:\\\/\\\/www.soome.be\\\/produits\\\/ceintures-abdominales-post-operatoires-femme\\\/body-010-femme\\\/#breadcrumb\",\"itemListElement\":[{\"@type\":\"ListItem\",\"position\":1,\"name\":\"Accueil\",\"item\":\"https:\\\/\\\/www.soome.be\\\/\"},{\"@type\":\"ListItem\",\"position\":2,\"name\":\"PRODUITS\",\"item\":\"https:\\\/\\\/www.soome.be\\\/produits\\\/\"},{\"@type\":\"ListItem\",\"position\":3,\"name\":\"Body 010 Femme\"}]},{\"@type\":\"WebSite\",\"@id\":\"https:\\\/\\\/www.soome.be\\\/#website\",\"url\":\"https:\\\/\\\/www.soome.be\\\/\",\"name\":\"SooMe\",\"description\":\"\",\"potentialAction\":[{\"@type\":\"SearchAction\",\"target\":{\"@type\":\"EntryPoint\",\"urlTemplate\":\"https:\\\/\\\/www.soome.be\\\/?s={search_term_string}\"},\"query-input\":{\"@type\":\"PropertyValueSpecification\",\"valueRequired\":true,\"valueName\":\"search_term_string\"}}],\"inLanguage\":\"en-GB\"}]}<\/script>\n<!-- \/ Yoast SEO plugin. -->","yoast_head_json":{"title":"010 Women's Cerecare Body - SooMe","description":"Body 010 Women is a compression garment used to support post-operative oedema following liposuction of the abdomen and hips.","robots":{"index":"index","follow":"follow","max-snippet":"max-snippet:-1","max-image-preview":"max-image-preview:large","max-video-preview":"max-video-preview:-1"},"canonical":"https:\/\/www.soome.be\/en\/products\/womens-post-op-abdominal-belts\/body-010-woman\/","og_locale":"en_GB","og_type":"article","og_title":"Body 010 Femme Cerecare - SooMe","og_description":"Body 010 Femme est un v\u00eatement compressif utilis\u00e9 pour la contention de l'\u0153d\u00e8me post-op\u00e9ratoire suite \u00e0 une liposuccion du ventre et des hanches.","og_url":"https:\/\/www.soome.be\/en\/products\/womens-post-op-abdominal-belts\/body-010-woman\/","og_site_name":"SooMe","article_modified_time":"2026-04-22T13:15:33+00:00","og_image":[{"width":636,"height":900,"url":"https:\/\/www.soome.be\/wp-content\/uploads\/2024\/01\/products-IMG_3634.png","type":"image\/jpeg"}],"twitter_card":"summary_large_image","twitter_misc":{"Estimated reading time":"1 minute"},"schema":{"@context":"https:\/\/schema.org","@graph":[{"@type":"WebPage","@id":"https:\/\/www.soome.be\/produits\/ceintures-abdominales-post-operatoires-femme\/body-010-femme\/","url":"https:\/\/www.soome.be\/produits\/ceintures-abdominales-post-operatoires-femme\/body-010-femme\/","name":"010 Women's Cerecare Body - SooMe","isPartOf":{"@id":"https:\/\/www.soome.be\/#website"},"primaryImageOfPage":{"@id":"https:\/\/www.soome.be\/produits\/ceintures-abdominales-post-operatoires-femme\/body-010-femme\/#primaryimage"},"image":{"@id":"https:\/\/www.soome.be\/produits\/ceintures-abdominales-post-operatoires-femme\/body-010-femme\/#primaryimage"},"thumbnailUrl":"https:\/\/www.soome.be\/wp-content\/uploads\/2024\/01\/products-IMG_3634.png","datePublished":"2024-01-17T10:03:21+00:00","dateModified":"2026-04-22T13:15:33+00:00","description":"Body 010 Women is a compression garment used to support post-operative oedema following liposuction of the abdomen and hips.","breadcrumb":{"@id":"https:\/\/www.soome.be\/produits\/ceintures-abdominales-post-operatoires-femme\/body-010-femme\/#breadcrumb"},"inLanguage":"en-GB","potentialAction":[{"@type":"ReadAction","target":["https:\/\/www.soome.be\/produits\/ceintures-abdominales-post-operatoires-femme\/body-010-femme\/"]}]},{"@type":"ImageObject","inLanguage":"en-GB","@id":"https:\/\/www.soome.be\/produits\/ceintures-abdominales-post-operatoires-femme\/body-010-femme\/#primaryimage","url":"https:\/\/www.soome.be\/wp-content\/uploads\/2024\/01\/products-IMG_3634.png","contentUrl":"https:\/\/www.soome.be\/wp-content\/uploads\/2024\/01\/products-IMG_3634.png","width":636,"height":900,"caption":"IMG_3634"},{"@type":"BreadcrumbList","@id":"https:\/\/www.soome.be\/produits\/ceintures-abdominales-post-operatoires-femme\/body-010-femme\/#breadcrumb","itemListElement":[{"@type":"ListItem","position":1,"name":"Accueil","item":"https:\/\/www.soome.be\/"},{"@type":"ListItem","position":2,"name":"PRODUITS","item":"https:\/\/www.soome.be\/produits\/"},{"@type":"ListItem","position":3,"name":"Body 010 Femme"}]},{"@type":"WebSite","@id":"https:\/\/www.soome.be\/#website","url":"https:\/\/www.soome.be\/","name":"SooMe","description":"","potentialAction":[{"@type":"SearchAction","target":{"@type":"EntryPoint","urlTemplate":"https:\/\/www.soome.be\/?s={search_term_string}"},"query-input":{"@type":"PropertyValueSpecification","valueRequired":true,"valueName":"search_term_string"}}],"inLanguage":"en-GB"}]}},"_links":{"self":[{"href":"https:\/\/www.soome.be\/en\/wp-json\/wp\/v2\/product\/7163","targetHints":{"allow":["GET"]}}],"collection":[{"href":"https:\/\/www.soome.be\/en\/wp-json\/wp\/v2\/product"}],"about":[{"href":"https:\/\/www.soome.be\/en\/wp-json\/wp\/v2\/types\/product"}],"replies":[{"embeddable":true,"href":"https:\/\/www.soome.be\/en\/wp-json\/wp\/v2\/comments?post=7163"}],"wp:featuredmedia":[{"embeddable":true,"href":"https:\/\/www.soome.be\/en\/wp-json\/wp\/v2\/media\/7182"}],"wp:attachment":[{"href":"https:\/\/www.soome.be\/en\/wp-json\/wp\/v2\/media?parent=7163"}],"wp:term":[{"taxonomy":"product_brand","embeddable":true,"href":"https:\/\/www.soome.be\/en\/wp-json\/wp\/v2\/product_brand?post=7163"},{"taxonomy":"product_cat","embeddable":true,"href":"https:\/\/www.soome.be\/en\/wp-json\/wp\/v2\/product_cat?post=7163"},{"taxonomy":"product_tag","embeddable":true,"href":"https:\/\/www.soome.be\/en\/wp-json\/wp\/v2\/product_tag?post=7163"},{"taxonomy":"berocket_brand","embeddable":true,"href":"https:\/\/www.soome.be\/en\/wp-json\/wp\/v2\/berocket_brand?post=7163"}],"curies":[{"name":"wp","href":"https:\/\/api.w.org\/{rel}","templated":true}]}}