{"id":7186,"date":"2024-01-25T13:23:52","date_gmt":"2024-01-25T12:23:52","guid":{"rendered":"https:\/\/www.soome.be\/?post_type=product&#038;p=7186"},"modified":"2026-04-22T15:15:34","modified_gmt":"2026-04-22T13:15:34","slug":"medicoton-organic-compression-bra-2","status":"publish","type":"product","link":"https:\/\/www.soome.be\/en\/produits\/soutiens-gorge\/soutiens-gorge-post-operatoires-femme\/medicoton-brassiere-de-contention-bio-copie\/","title":{"rendered":"Medicoton - Adjustable straps, organic cotton"},"content":{"rendered":"<p>Comfort, Femininity, Softness and Delicacy are the key words of the brand Coeur de Lys.<\/p>\n<p>Can be used after a <strong>breast reduction or augmentation, a <\/strong><strong>reconstructive surgery.<\/strong>\u00a0During a mastectomy with insertion of an internal breast prosthesis<\/p>\n<p>- Front closure with hooks, OEKO-TEX\u00ae.<\/p>\n<p>- No seams against the skin<\/p>\n<p>- Organic cotton against skin<\/p>\n<p>- Without armatures<\/p>\n<p>\u2013 Outer material: 81% polyamide and 19% elastane<\/p>\n<p>- Inner material: 94% organic cotton and 6% elastane<\/p>\n<p>- Blue bra<\/p>\n<p>- Bra model name :<\/p>\n<p>Size Chart:<\/p>\n<p><img decoding=\"async\" class=\"alignnone size-medium wp-image-45970\" src=\"https:\/\/www.abricot-compression.com\/wp-content\/uploads\/2023\/07\/IMG_3724-300x159.jpeg\" alt=\"\" width=\"300\" height=\"159\" \/><\/p>\n<p>\/! Warning \/!<\/p>\n<ul>\n<li>If you are between two sizes of turn of back , that is to say: If you do between 90 AND 95, take the 95 etc. If you do a little 90, then stay in 90.<\/li>\n<li>no pockets for external prostheses<\/li>\n<\/ul>","protected":false},"excerpt":{"rendered":"<p>This<strong>\u00a0compression bra with adjustable straps\u00a0<\/strong>will provide you with support and comfort.<\/p>\n<p>COMPRESSION on the outside for support and organic cotton on the inside against the skin for comfort and softness<\/p>\n<p>Extremely comfortable, this\u00a0<strong>post-operative bra<\/strong>\u00a0is designed with a front opening with two stapling options<\/p>\n<p>Post-op bra<\/p>","protected":false},"featured_media":7211,"comment_status":"open","ping_status":"open","template":"","meta":[],"product_brand":[],"product_cat":[67,69],"product_tag":[],"berocket_brand":[429],"class_list":{"0":"post-7186","1":"product","2":"type-product","3":"status-publish","4":"has-post-thumbnail","6":"product_cat-soutiens-gorge","7":"product_cat-soutiens-gorge-post-operatoires-femme","8":"pa_bonnet-a","9":"pa_bonnet-b","10":"pa_bonnet-c","11":"pa_bonnet-d","12":"pa_eg_html5_ratio-0-4","13":"pa_eg_soundcloud_ratio-0-5","14":"pa_eg_wistia_ratio-0-3","15":"pa_eg_youtube_ratio-0-2","16":"pa_product_brand-c-ur-de-lys","17":"pa_taille-100","18":"pa_taille-101","19":"pa_taille-102","20":"pa_taille-97","21":"pa_taille-98","22":"pa_taille-99","23":"pa_thp_upsellpopup_template-template-default","24":"pa_xfgmc_adult-off-2","25":"pa_xfgmc_condition-default","26":"pa_xfgmc_identifier_exists-off","27":"berocket_brand-coeur-de-lys","29":"first","30":"instock","31":"taxable","32":"shipping-taxable","33":"purchasable","34":"product-type-variable"},"yoast_head":"<!-- This site is optimized with the Yoast SEO plugin v27.4 - https:\/\/yoast.com\/product\/yoast-seo-wordpress\/ -->\n<title>Brassi\u00e8re de contention bio &quot;Medicoton&quot; C\u0153ur de Lys<\/title>\n<meta name=\"description\" content=\"Brassi\u00e8re de contention en coton bio &quot;Medicoton&quot; C\u0153ur de Lys SooMe. Parfait apr\u00e8s une intervention chirurgicale type augmentation mammaire ou r\u00e9duction.\" \/>\n<meta name=\"robots\" content=\"index, follow, max-snippet:-1, max-image-preview:large, max-video-preview:-1\" \/>\n<link rel=\"canonical\" href=\"https:\/\/www.soome.be\/en\/products\/bras\/womens-post-op-bras\/medicoton-organic-compression-bra-2\/\" \/>\n<meta property=\"og:locale\" content=\"en_GB\" \/>\n<meta property=\"og:type\" content=\"article\" \/>\n<meta property=\"og:title\" content=\"Brassi\u00e8re de contention bio &quot;Medicoton&quot; C\u0153ur de Lys\" \/>\n<meta property=\"og:description\" content=\"Brassi\u00e8re de contention en coton bio &quot;Medicoton&quot; C\u0153ur de Lys SooMe. Parfait apr\u00e8s une intervention chirurgicale type augmentation mammaire ou r\u00e9duction.\" \/>\n<meta property=\"og:url\" content=\"https:\/\/www.soome.be\/en\/products\/bras\/womens-post-op-bras\/medicoton-organic-compression-bra-2\/\" \/>\n<meta property=\"og:site_name\" content=\"SooMe\" \/>\n<meta property=\"article:modified_time\" content=\"2026-04-22T13:15:34+00:00\" \/>\n<meta property=\"og:image\" content=\"https:\/\/www.soome.be\/wp-content\/uploads\/2024\/01\/products-IMG_3729.webp\" \/>\n\t<meta property=\"og:image:width\" content=\"300\" \/>\n\t<meta property=\"og:image:height\" content=\"300\" \/>\n\t<meta property=\"og:image:type\" content=\"image\/jpeg\" \/>\n<meta name=\"twitter:card\" content=\"summary_large_image\" \/>\n<meta name=\"twitter:label1\" content=\"Estimated reading time\" \/>\n\t<meta name=\"twitter:data1\" content=\"1 minute\" \/>\n<script type=\"application\/ld+json\" class=\"yoast-schema-graph\">{\"@context\":\"https:\\\/\\\/schema.org\",\"@graph\":[{\"@type\":\"WebPage\",\"@id\":\"https:\\\/\\\/www.soome.be\\\/produits\\\/soutiens-gorge\\\/soutiens-gorge-post-operatoires-femme\\\/medicoton-brassiere-de-contention-bio-copie\\\/\",\"url\":\"https:\\\/\\\/www.soome.be\\\/produits\\\/soutiens-gorge\\\/soutiens-gorge-post-operatoires-femme\\\/medicoton-brassiere-de-contention-bio-copie\\\/\",\"name\":\"Brassi\u00e8re de contention bio \\\"Medicoton\\\" C\u0153ur de Lys\",\"isPartOf\":{\"@id\":\"https:\\\/\\\/www.soome.be\\\/#website\"},\"primaryImageOfPage\":{\"@id\":\"https:\\\/\\\/www.soome.be\\\/produits\\\/soutiens-gorge\\\/soutiens-gorge-post-operatoires-femme\\\/medicoton-brassiere-de-contention-bio-copie\\\/#primaryimage\"},\"image\":{\"@id\":\"https:\\\/\\\/www.soome.be\\\/produits\\\/soutiens-gorge\\\/soutiens-gorge-post-operatoires-femme\\\/medicoton-brassiere-de-contention-bio-copie\\\/#primaryimage\"},\"thumbnailUrl\":\"https:\\\/\\\/www.soome.be\\\/wp-content\\\/uploads\\\/2024\\\/01\\\/products-IMG_3729.webp\",\"datePublished\":\"2024-01-25T12:23:52+00:00\",\"dateModified\":\"2026-04-22T13:15:34+00:00\",\"description\":\"Brassi\u00e8re de contention en coton bio \\\"Medicoton\\\" C\u0153ur de Lys SooMe. Parfait apr\u00e8s une intervention chirurgicale type augmentation mammaire ou r\u00e9duction.\",\"breadcrumb\":{\"@id\":\"https:\\\/\\\/www.soome.be\\\/produits\\\/soutiens-gorge\\\/soutiens-gorge-post-operatoires-femme\\\/medicoton-brassiere-de-contention-bio-copie\\\/#breadcrumb\"},\"inLanguage\":\"en-GB\",\"potentialAction\":[{\"@type\":\"ReadAction\",\"target\":[\"https:\\\/\\\/www.soome.be\\\/produits\\\/soutiens-gorge\\\/soutiens-gorge-post-operatoires-femme\\\/medicoton-brassiere-de-contention-bio-copie\\\/\"]}]},{\"@type\":\"ImageObject\",\"inLanguage\":\"en-GB\",\"@id\":\"https:\\\/\\\/www.soome.be\\\/produits\\\/soutiens-gorge\\\/soutiens-gorge-post-operatoires-femme\\\/medicoton-brassiere-de-contention-bio-copie\\\/#primaryimage\",\"url\":\"https:\\\/\\\/www.soome.be\\\/wp-content\\\/uploads\\\/2024\\\/01\\\/products-IMG_3729.webp\",\"contentUrl\":\"https:\\\/\\\/www.soome.be\\\/wp-content\\\/uploads\\\/2024\\\/01\\\/products-IMG_3729.webp\",\"width\":300,\"height\":300,\"caption\":\"IMG_3729\"},{\"@type\":\"BreadcrumbList\",\"@id\":\"https:\\\/\\\/www.soome.be\\\/produits\\\/soutiens-gorge\\\/soutiens-gorge-post-operatoires-femme\\\/medicoton-brassiere-de-contention-bio-copie\\\/#breadcrumb\",\"itemListElement\":[{\"@type\":\"ListItem\",\"position\":1,\"name\":\"Accueil\",\"item\":\"https:\\\/\\\/www.soome.be\\\/\"},{\"@type\":\"ListItem\",\"position\":2,\"name\":\"PRODUITS\",\"item\":\"https:\\\/\\\/www.soome.be\\\/produits\\\/\"},{\"@type\":\"ListItem\",\"position\":3,\"name\":\"Medicoton &#8211; Bretelles r\u00e9glables, coton bio\"}]},{\"@type\":\"WebSite\",\"@id\":\"https:\\\/\\\/www.soome.be\\\/#website\",\"url\":\"https:\\\/\\\/www.soome.be\\\/\",\"name\":\"SooMe\",\"description\":\"\",\"potentialAction\":[{\"@type\":\"SearchAction\",\"target\":{\"@type\":\"EntryPoint\",\"urlTemplate\":\"https:\\\/\\\/www.soome.be\\\/?s={search_term_string}\"},\"query-input\":{\"@type\":\"PropertyValueSpecification\",\"valueRequired\":true,\"valueName\":\"search_term_string\"}}],\"inLanguage\":\"en-GB\"}]}<\/script>\n<!-- \/ Yoast SEO plugin. -->","yoast_head_json":{"title":"Medicoton\" organic support bra Coeur de Lys","description":"Medicoton\" Coeur de Lys SooMe organic cotton support bra. Perfect after breast augmentation or reduction surgery.","robots":{"index":"index","follow":"follow","max-snippet":"max-snippet:-1","max-image-preview":"max-image-preview:large","max-video-preview":"max-video-preview:-1"},"canonical":"https:\/\/www.soome.be\/en\/products\/bras\/womens-post-op-bras\/medicoton-organic-compression-bra-2\/","og_locale":"en_GB","og_type":"article","og_title":"Brassi\u00e8re de contention bio \"Medicoton\" C\u0153ur de Lys","og_description":"Brassi\u00e8re de contention en coton bio \"Medicoton\" C\u0153ur de Lys SooMe. Parfait apr\u00e8s une intervention chirurgicale type augmentation mammaire ou r\u00e9duction.","og_url":"https:\/\/www.soome.be\/en\/products\/bras\/womens-post-op-bras\/medicoton-organic-compression-bra-2\/","og_site_name":"SooMe","article_modified_time":"2026-04-22T13:15:34+00:00","og_image":[{"width":300,"height":300,"url":"https:\/\/www.soome.be\/wp-content\/uploads\/2024\/01\/products-IMG_3729.webp","type":"image\/jpeg"}],"twitter_card":"summary_large_image","twitter_misc":{"Estimated reading time":"1 minute"},"schema":{"@context":"https:\/\/schema.org","@graph":[{"@type":"WebPage","@id":"https:\/\/www.soome.be\/produits\/soutiens-gorge\/soutiens-gorge-post-operatoires-femme\/medicoton-brassiere-de-contention-bio-copie\/","url":"https:\/\/www.soome.be\/produits\/soutiens-gorge\/soutiens-gorge-post-operatoires-femme\/medicoton-brassiere-de-contention-bio-copie\/","name":"Medicoton\" organic support bra Coeur de Lys","isPartOf":{"@id":"https:\/\/www.soome.be\/#website"},"primaryImageOfPage":{"@id":"https:\/\/www.soome.be\/produits\/soutiens-gorge\/soutiens-gorge-post-operatoires-femme\/medicoton-brassiere-de-contention-bio-copie\/#primaryimage"},"image":{"@id":"https:\/\/www.soome.be\/produits\/soutiens-gorge\/soutiens-gorge-post-operatoires-femme\/medicoton-brassiere-de-contention-bio-copie\/#primaryimage"},"thumbnailUrl":"https:\/\/www.soome.be\/wp-content\/uploads\/2024\/01\/products-IMG_3729.webp","datePublished":"2024-01-25T12:23:52+00:00","dateModified":"2026-04-22T13:15:34+00:00","description":"Medicoton\" Coeur de Lys SooMe organic cotton support bra. Perfect after breast augmentation or reduction surgery.","breadcrumb":{"@id":"https:\/\/www.soome.be\/produits\/soutiens-gorge\/soutiens-gorge-post-operatoires-femme\/medicoton-brassiere-de-contention-bio-copie\/#breadcrumb"},"inLanguage":"en-GB","potentialAction":[{"@type":"ReadAction","target":["https:\/\/www.soome.be\/produits\/soutiens-gorge\/soutiens-gorge-post-operatoires-femme\/medicoton-brassiere-de-contention-bio-copie\/"]}]},{"@type":"ImageObject","inLanguage":"en-GB","@id":"https:\/\/www.soome.be\/produits\/soutiens-gorge\/soutiens-gorge-post-operatoires-femme\/medicoton-brassiere-de-contention-bio-copie\/#primaryimage","url":"https:\/\/www.soome.be\/wp-content\/uploads\/2024\/01\/products-IMG_3729.webp","contentUrl":"https:\/\/www.soome.be\/wp-content\/uploads\/2024\/01\/products-IMG_3729.webp","width":300,"height":300,"caption":"IMG_3729"},{"@type":"BreadcrumbList","@id":"https:\/\/www.soome.be\/produits\/soutiens-gorge\/soutiens-gorge-post-operatoires-femme\/medicoton-brassiere-de-contention-bio-copie\/#breadcrumb","itemListElement":[{"@type":"ListItem","position":1,"name":"Accueil","item":"https:\/\/www.soome.be\/"},{"@type":"ListItem","position":2,"name":"PRODUITS","item":"https:\/\/www.soome.be\/produits\/"},{"@type":"ListItem","position":3,"name":"Medicoton &#8211; Bretelles r\u00e9glables, coton bio"}]},{"@type":"WebSite","@id":"https:\/\/www.soome.be\/#website","url":"https:\/\/www.soome.be\/","name":"SooMe","description":"","potentialAction":[{"@type":"SearchAction","target":{"@type":"EntryPoint","urlTemplate":"https:\/\/www.soome.be\/?s={search_term_string}"},"query-input":{"@type":"PropertyValueSpecification","valueRequired":true,"valueName":"search_term_string"}}],"inLanguage":"en-GB"}]}},"_links":{"self":[{"href":"https:\/\/www.soome.be\/en\/wp-json\/wp\/v2\/product\/7186","targetHints":{"allow":["GET"]}}],"collection":[{"href":"https:\/\/www.soome.be\/en\/wp-json\/wp\/v2\/product"}],"about":[{"href":"https:\/\/www.soome.be\/en\/wp-json\/wp\/v2\/types\/product"}],"replies":[{"embeddable":true,"href":"https:\/\/www.soome.be\/en\/wp-json\/wp\/v2\/comments?post=7186"}],"wp:featuredmedia":[{"embeddable":true,"href":"https:\/\/www.soome.be\/en\/wp-json\/wp\/v2\/media\/7211"}],"wp:attachment":[{"href":"https:\/\/www.soome.be\/en\/wp-json\/wp\/v2\/media?parent=7186"}],"wp:term":[{"taxonomy":"product_brand","embeddable":true,"href":"https:\/\/www.soome.be\/en\/wp-json\/wp\/v2\/product_brand?post=7186"},{"taxonomy":"product_cat","embeddable":true,"href":"https:\/\/www.soome.be\/en\/wp-json\/wp\/v2\/product_cat?post=7186"},{"taxonomy":"product_tag","embeddable":true,"href":"https:\/\/www.soome.be\/en\/wp-json\/wp\/v2\/product_tag?post=7186"},{"taxonomy":"berocket_brand","embeddable":true,"href":"https:\/\/www.soome.be\/en\/wp-json\/wp\/v2\/berocket_brand?post=7186"}],"curies":[{"name":"wp","href":"https:\/\/api.w.org\/{rel}","templated":true}]}}