{"id":7322,"date":"2024-01-31T14:46:12","date_gmt":"2024-01-31T13:46:12","guid":{"rendered":"https:\/\/www.soome.be\/?post_type=product&#038;p=7322"},"modified":"2026-04-22T15:15:52","modified_gmt":"2026-04-22T13:15:52","slug":"mens-veinax-knee-highs-closed-toe","status":"publish","type":"product","link":"https:\/\/www.soome.be\/en\/produits\/bas-de-contention-homme\/mi-bas-veinax-microtrans-pieds-fermes-homme\/","title":{"rendered":"MI-BAS Veinax microtrans - Closed feet"},"content":{"rendered":"<p>The men's Veinax microtrans closed feet socks are perfect for leg conditions that can benefit from compression therapy, including the following:<\/p>\n<p>Post-operative &amp; Post-sclerotherapy of varicose veins<\/p>\n<p>Pregnancy-related venous symptoms (pain, discomfort, cramps).<\/p>\n<p>Situations qui perturbent l&rsquo;h\u00e9modynamique veineuse (vols longs, station debout prolong\u00e9e, port).<\/p>\n<p>The medical device must not be worn by persons for whom compression is contraindicated.<\/p>\n<p>Obliterative arterial disease of the lower limbs (AOMI) with a systolic pressure index (SPI) &lt; 0.6.<\/p>\n<p>Phlegmasia cerulea dolens (painful blue phlebitis with arterial compression).<\/p>\n<p>Thrombosis. Septic phlebitis.<\/p>\n<p>Neuropathies and peripheral sensitivity disorders.<\/p>\n<p>Decompensated heart failure.<\/p>\n<p>Advanced diabetic microangiopathy.<\/p>\n<p>Precautions :<\/p>\n<p>The device must not be placed in direct contact with a skin lesion.<\/p>\n<p>If you experience any problems while using this device, such as pain or local symptoms, remove the device and contact your doctor.<\/p>\n<p>To put in the morning on the rise. To facilitate the installation, we advise you to put the product on a dry skin.<\/p>\n<p><img fetchpriority=\"high\" decoding=\"async\" class=\"alignnone wp-image-45983\" src=\"https:\/\/www.abricot-compression.com\/wp-content\/uploads\/2024\/01\/IMG_3733-300x178.jpeg\" alt=\"\" width=\"566\" height=\"336\" \/><\/p>\n<p>Machine wash in delicate program up to 40\u00b0C, without softener. No dry washing or ironing. Flat drying away from heat source (no radiator or dryer).<\/p>\n<p><img decoding=\"async\" class=\"alignnone wp-image-45982\" src=\"https:\/\/www.abricot-compression.com\/wp-content\/uploads\/2024\/01\/IMG_3732-300x130.jpeg\" alt=\"\" width=\"434\" height=\"188\" \/><\/p>","protected":false},"excerpt":{"rendered":"<p>Vous souffrez d\u2019inconfort des jambes, de jambes lourdes et\/ou d\u2019insuffisance veineuse?<\/p>\n<p>Les chaussettes de contention Veinax microtrans de classe 2 pieds ferm\u00e9s, soulage et prot\u00e8ge imm\u00e9diatement contre les complications de la maladie veineuse. Habillant la jambe avec pr\u00e9cision, nos soins de contention agissent au contact de la peau pour revivifier votre circulation.<\/p>","protected":false},"featured_media":7383,"comment_status":"open","ping_status":"closed","template":"","meta":[],"product_brand":[59],"product_cat":[86],"product_tag":[],"berocket_brand":[438],"class_list":{"0":"post-7322","1":"product","2":"type-product","3":"status-publish","4":"has-post-thumbnail","6":"product_brand-gibaud","7":"product_cat-bas-de-contention-homme","8":"pa_couleur-beige","9":"pa_couleur-noir","10":"pa_hauteur-court","11":"pa_hauteur-long","12":"pa_hauteur-normal","13":"pa_product_brand-gibaud-2","14":"pa_taille-t1","15":"pa_taille-t2","16":"pa_taille-t3","17":"pa_taille-t4","18":"pa_taille-t5","19":"pa_thp_upsellpopup_template-template-default","20":"pa_xfgmc_adult-off-2","21":"pa_xfgmc_condition-default","22":"pa_xfgmc_identifier_exists-off","23":"berocket_brand-gibaud","25":"first","26":"instock","27":"taxable","28":"shipping-taxable","29":"purchasable","30":"product-type-variable"},"yoast_head":"<!-- This site is optimized with the Yoast SEO plugin v27.4 - https:\/\/yoast.com\/product\/yoast-seo-wordpress\/ -->\n<title>MI-BAS Veinax microtrans - Pieds ferm\u00e9s - SooMe<\/title>\n<meta name=\"description\" content=\"MI-BAS Veinax microtrans - Pieds ferm\u00e9s SooMe soulage et prot\u00e8ge imm\u00e9diatement contre les complications de la maladie veineuse.\" \/>\n<meta name=\"robots\" content=\"index, follow, max-snippet:-1, max-image-preview:large, max-video-preview:-1\" \/>\n<link rel=\"canonical\" href=\"https:\/\/www.soome.be\/en\/products\/mens-compression-stockings\/mens-veinax-knee-highs-closed-toe\/\" \/>\n<meta property=\"og:locale\" content=\"en_GB\" \/>\n<meta property=\"og:type\" content=\"article\" \/>\n<meta property=\"og:title\" content=\"MI-BAS Veinax microtrans - Pieds ferm\u00e9s - SooMe\" \/>\n<meta property=\"og:description\" content=\"MI-BAS Veinax microtrans - Pieds ferm\u00e9s SooMe soulage et prot\u00e8ge imm\u00e9diatement contre les complications de la maladie veineuse.\" \/>\n<meta property=\"og:url\" content=\"https:\/\/www.soome.be\/en\/products\/mens-compression-stockings\/mens-veinax-knee-highs-closed-toe\/\" \/>\n<meta property=\"og:site_name\" content=\"SooMe\" \/>\n<meta property=\"article:modified_time\" content=\"2026-04-22T13:15:52+00:00\" \/>\n<meta property=\"og:image\" content=\"https:\/\/www.soome.be\/wp-content\/uploads\/2024\/01\/products-IMG_3734.jpeg\" \/>\n\t<meta property=\"og:image:width\" content=\"1300\" \/>\n\t<meta property=\"og:image:height\" content=\"1300\" \/>\n\t<meta property=\"og:image:type\" content=\"image\/jpeg\" \/>\n<meta name=\"twitter:card\" content=\"summary_large_image\" \/>\n<meta name=\"twitter:label1\" content=\"Estimated reading time\" \/>\n\t<meta name=\"twitter:data1\" content=\"1 minute\" \/>\n<script type=\"application\/ld+json\" class=\"yoast-schema-graph\">{\"@context\":\"https:\\\/\\\/schema.org\",\"@graph\":[{\"@type\":\"WebPage\",\"@id\":\"https:\\\/\\\/www.soome.be\\\/produits\\\/bas-de-contention-homme\\\/mi-bas-veinax-microtrans-pieds-fermes-homme\\\/\",\"url\":\"https:\\\/\\\/www.soome.be\\\/produits\\\/bas-de-contention-homme\\\/mi-bas-veinax-microtrans-pieds-fermes-homme\\\/\",\"name\":\"MI-BAS Veinax microtrans - Pieds ferm\u00e9s - SooMe\",\"isPartOf\":{\"@id\":\"https:\\\/\\\/www.soome.be\\\/#website\"},\"primaryImageOfPage\":{\"@id\":\"https:\\\/\\\/www.soome.be\\\/produits\\\/bas-de-contention-homme\\\/mi-bas-veinax-microtrans-pieds-fermes-homme\\\/#primaryimage\"},\"image\":{\"@id\":\"https:\\\/\\\/www.soome.be\\\/produits\\\/bas-de-contention-homme\\\/mi-bas-veinax-microtrans-pieds-fermes-homme\\\/#primaryimage\"},\"thumbnailUrl\":\"https:\\\/\\\/www.soome.be\\\/wp-content\\\/uploads\\\/2024\\\/01\\\/products-IMG_3734.jpeg\",\"datePublished\":\"2024-01-31T13:46:12+00:00\",\"dateModified\":\"2026-04-22T13:15:52+00:00\",\"description\":\"MI-BAS Veinax microtrans - Pieds ferm\u00e9s SooMe soulage et prot\u00e8ge imm\u00e9diatement contre les complications de la maladie veineuse.\",\"breadcrumb\":{\"@id\":\"https:\\\/\\\/www.soome.be\\\/produits\\\/bas-de-contention-homme\\\/mi-bas-veinax-microtrans-pieds-fermes-homme\\\/#breadcrumb\"},\"inLanguage\":\"en-GB\",\"potentialAction\":[{\"@type\":\"ReadAction\",\"target\":[\"https:\\\/\\\/www.soome.be\\\/produits\\\/bas-de-contention-homme\\\/mi-bas-veinax-microtrans-pieds-fermes-homme\\\/\"]}]},{\"@type\":\"ImageObject\",\"inLanguage\":\"en-GB\",\"@id\":\"https:\\\/\\\/www.soome.be\\\/produits\\\/bas-de-contention-homme\\\/mi-bas-veinax-microtrans-pieds-fermes-homme\\\/#primaryimage\",\"url\":\"https:\\\/\\\/www.soome.be\\\/wp-content\\\/uploads\\\/2024\\\/01\\\/products-IMG_3734.jpeg\",\"contentUrl\":\"https:\\\/\\\/www.soome.be\\\/wp-content\\\/uploads\\\/2024\\\/01\\\/products-IMG_3734.jpeg\",\"width\":1300,\"height\":1300,\"caption\":\"Veinax Montage C2 COTON HOMME_coloris.indd\"},{\"@type\":\"BreadcrumbList\",\"@id\":\"https:\\\/\\\/www.soome.be\\\/produits\\\/bas-de-contention-homme\\\/mi-bas-veinax-microtrans-pieds-fermes-homme\\\/#breadcrumb\",\"itemListElement\":[{\"@type\":\"ListItem\",\"position\":1,\"name\":\"Accueil\",\"item\":\"https:\\\/\\\/www.soome.be\\\/\"},{\"@type\":\"ListItem\",\"position\":2,\"name\":\"PRODUITS\",\"item\":\"https:\\\/\\\/www.soome.be\\\/produits\\\/\"},{\"@type\":\"ListItem\",\"position\":3,\"name\":\"MI-BAS Veinax microtrans &#8211; Pieds ferm\u00e9s\"}]},{\"@type\":\"WebSite\",\"@id\":\"https:\\\/\\\/www.soome.be\\\/#website\",\"url\":\"https:\\\/\\\/www.soome.be\\\/\",\"name\":\"SooMe\",\"description\":\"\",\"potentialAction\":[{\"@type\":\"SearchAction\",\"target\":{\"@type\":\"EntryPoint\",\"urlTemplate\":\"https:\\\/\\\/www.soome.be\\\/?s={search_term_string}\"},\"query-input\":{\"@type\":\"PropertyValueSpecification\",\"valueRequired\":true,\"valueName\":\"search_term_string\"}}],\"inLanguage\":\"en-GB\"}]}<\/script>\n<!-- \/ Yoast SEO plugin. -->","yoast_head_json":{"title":"Veinax microtrans midsoles - Closed toe - SooMe","description":"MI-BAS Veinax microtrans - Closed Feet SooMe provides immediate relief and protection against the complications of venous disease.","robots":{"index":"index","follow":"follow","max-snippet":"max-snippet:-1","max-image-preview":"max-image-preview:large","max-video-preview":"max-video-preview:-1"},"canonical":"https:\/\/www.soome.be\/en\/products\/mens-compression-stockings\/mens-veinax-knee-highs-closed-toe\/","og_locale":"en_GB","og_type":"article","og_title":"MI-BAS Veinax microtrans - Pieds ferm\u00e9s - SooMe","og_description":"MI-BAS Veinax microtrans - Pieds ferm\u00e9s SooMe soulage et prot\u00e8ge imm\u00e9diatement contre les complications de la maladie veineuse.","og_url":"https:\/\/www.soome.be\/en\/products\/mens-compression-stockings\/mens-veinax-knee-highs-closed-toe\/","og_site_name":"SooMe","article_modified_time":"2026-04-22T13:15:52+00:00","og_image":[{"width":1300,"height":1300,"url":"https:\/\/www.soome.be\/wp-content\/uploads\/2024\/01\/products-IMG_3734.jpeg","type":"image\/jpeg"}],"twitter_card":"summary_large_image","twitter_misc":{"Estimated reading time":"1 minute"},"schema":{"@context":"https:\/\/schema.org","@graph":[{"@type":"WebPage","@id":"https:\/\/www.soome.be\/produits\/bas-de-contention-homme\/mi-bas-veinax-microtrans-pieds-fermes-homme\/","url":"https:\/\/www.soome.be\/produits\/bas-de-contention-homme\/mi-bas-veinax-microtrans-pieds-fermes-homme\/","name":"Veinax microtrans midsoles - Closed toe - SooMe","isPartOf":{"@id":"https:\/\/www.soome.be\/#website"},"primaryImageOfPage":{"@id":"https:\/\/www.soome.be\/produits\/bas-de-contention-homme\/mi-bas-veinax-microtrans-pieds-fermes-homme\/#primaryimage"},"image":{"@id":"https:\/\/www.soome.be\/produits\/bas-de-contention-homme\/mi-bas-veinax-microtrans-pieds-fermes-homme\/#primaryimage"},"thumbnailUrl":"https:\/\/www.soome.be\/wp-content\/uploads\/2024\/01\/products-IMG_3734.jpeg","datePublished":"2024-01-31T13:46:12+00:00","dateModified":"2026-04-22T13:15:52+00:00","description":"MI-BAS Veinax microtrans - Closed Feet SooMe provides immediate relief and protection against the complications of venous disease.","breadcrumb":{"@id":"https:\/\/www.soome.be\/produits\/bas-de-contention-homme\/mi-bas-veinax-microtrans-pieds-fermes-homme\/#breadcrumb"},"inLanguage":"en-GB","potentialAction":[{"@type":"ReadAction","target":["https:\/\/www.soome.be\/produits\/bas-de-contention-homme\/mi-bas-veinax-microtrans-pieds-fermes-homme\/"]}]},{"@type":"ImageObject","inLanguage":"en-GB","@id":"https:\/\/www.soome.be\/produits\/bas-de-contention-homme\/mi-bas-veinax-microtrans-pieds-fermes-homme\/#primaryimage","url":"https:\/\/www.soome.be\/wp-content\/uploads\/2024\/01\/products-IMG_3734.jpeg","contentUrl":"https:\/\/www.soome.be\/wp-content\/uploads\/2024\/01\/products-IMG_3734.jpeg","width":1300,"height":1300,"caption":"Veinax Montage C2 COTON HOMME_coloris.indd"},{"@type":"BreadcrumbList","@id":"https:\/\/www.soome.be\/produits\/bas-de-contention-homme\/mi-bas-veinax-microtrans-pieds-fermes-homme\/#breadcrumb","itemListElement":[{"@type":"ListItem","position":1,"name":"Accueil","item":"https:\/\/www.soome.be\/"},{"@type":"ListItem","position":2,"name":"PRODUITS","item":"https:\/\/www.soome.be\/produits\/"},{"@type":"ListItem","position":3,"name":"MI-BAS Veinax microtrans &#8211; Pieds ferm\u00e9s"}]},{"@type":"WebSite","@id":"https:\/\/www.soome.be\/#website","url":"https:\/\/www.soome.be\/","name":"SooMe","description":"","potentialAction":[{"@type":"SearchAction","target":{"@type":"EntryPoint","urlTemplate":"https:\/\/www.soome.be\/?s={search_term_string}"},"query-input":{"@type":"PropertyValueSpecification","valueRequired":true,"valueName":"search_term_string"}}],"inLanguage":"en-GB"}]}},"_links":{"self":[{"href":"https:\/\/www.soome.be\/en\/wp-json\/wp\/v2\/product\/7322","targetHints":{"allow":["GET"]}}],"collection":[{"href":"https:\/\/www.soome.be\/en\/wp-json\/wp\/v2\/product"}],"about":[{"href":"https:\/\/www.soome.be\/en\/wp-json\/wp\/v2\/types\/product"}],"replies":[{"embeddable":true,"href":"https:\/\/www.soome.be\/en\/wp-json\/wp\/v2\/comments?post=7322"}],"wp:featuredmedia":[{"embeddable":true,"href":"https:\/\/www.soome.be\/en\/wp-json\/wp\/v2\/media\/7383"}],"wp:attachment":[{"href":"https:\/\/www.soome.be\/en\/wp-json\/wp\/v2\/media?parent=7322"}],"wp:term":[{"taxonomy":"product_brand","embeddable":true,"href":"https:\/\/www.soome.be\/en\/wp-json\/wp\/v2\/product_brand?post=7322"},{"taxonomy":"product_cat","embeddable":true,"href":"https:\/\/www.soome.be\/en\/wp-json\/wp\/v2\/product_cat?post=7322"},{"taxonomy":"product_tag","embeddable":true,"href":"https:\/\/www.soome.be\/en\/wp-json\/wp\/v2\/product_tag?post=7322"},{"taxonomy":"berocket_brand","embeddable":true,"href":"https:\/\/www.soome.be\/en\/wp-json\/wp\/v2\/berocket_brand?post=7322"}],"curies":[{"name":"wp","href":"https:\/\/api.w.org\/{rel}","templated":true}]}}